{"id":2800,"date":"2024-10-11T11:55:56","date_gmt":"2024-10-11T11:55:56","guid":{"rendered":"https:\/\/emmeginordic.se\/combi-jaahdytin-cc-series-kompressoreille\/"},"modified":"2024-11-22T12:32:18","modified_gmt":"2024-11-22T12:32:18","slug":"combi-jaahdytin-cc-series-kompressoreille","status":"publish","type":"page","link":"https:\/\/emmeginordic.se\/fi\/combi-jaahdytin-cc-series-kompressoreille\/","title":{"rendered":"Yhdistelm\u00e4kylm\u00e4laite kompressoreita varten"},"content":{"rendered":"\t\t<div data-elementor-type=\"wp-page\" data-elementor-id=\"2800\" class=\"elementor elementor-2800 elementor-2427\" data-elementor-post-type=\"page\">\n\t\t\t\t<div class=\"elementor-element elementor-element-93263f3 e-flex e-con-boxed e-con e-parent\" data-id=\"93263f3\" data-element_type=\"container\" data-e-type=\"container\" data-settings=\"{&quot;background_background&quot;:&quot;classic&quot;}\">\n\t\t\t\t\t<div class=\"e-con-inner\">\n\t\t<div class=\"elementor-element elementor-element-6c32ff7 e-flex e-con-boxed e-con e-child\" data-id=\"6c32ff7\" data-element_type=\"container\" data-e-type=\"container\">\n\t\t\t\t\t<div class=\"e-con-inner\">\n\t\t\t\t\t<\/div>\n\t\t\t\t<\/div>\n\t\t\t\t\t<\/div>\n\t\t\t\t<\/div>\n\t\t<div class=\"elementor-element elementor-element-5a7e269 e-flex e-con-boxed e-con e-parent\" data-id=\"5a7e269\" data-element_type=\"container\" data-e-type=\"container\">\n\t\t\t\t\t<div class=\"e-con-inner\">\n\t\t\t\t<div class=\"elementor-element elementor-element-2496a2e elementor-widget-divider--view-line elementor-widget elementor-widget-divider\" data-id=\"2496a2e\" data-element_type=\"widget\" data-e-type=\"widget\" data-widget_type=\"divider.default\">\n\t\t\t\t\t\t\t<div class=\"elementor-divider\">\n\t\t\t<span class=\"elementor-divider-separator\">\n\t\t\t\t\t\t<\/span>\n\t\t<\/div>\n\t\t\t\t\t\t<\/div>\n\t\t\t\t<div class=\"elementor-element elementor-element-5c07ca9 elementor-widget elementor-widget-heading\" data-id=\"5c07ca9\" data-element_type=\"widget\" data-e-type=\"widget\" data-widget_type=\"heading.default\">\n\t\t\t\t\t<h2 class=\"elementor-heading-title elementor-size-default\">Tehokas ja luotettava j\u00e4\u00e4hdytys<\/h2>\t\t\t\t<\/div>\n\t\t\t\t<div class=\"elementor-element elementor-element-14001d4 elementor-widget__width-initial elementor-widget elementor-widget-text-editor\" data-id=\"14001d4\" data-element_type=\"widget\" data-e-type=\"widget\" data-widget_type=\"text-editor.default\">\n\t\t\t\t\t\t\t\t\t<p class=\"p1\"><span class=\"s1\">Kompressorikombij\u00e4\u00e4hdyttimet on suunniteltu k\u00e4sittelem\u00e4\u00e4n teollisuuden kompressoritoiminnoissa syntyvi\u00e4 korkeita l\u00e4mp\u00f6tiloja. Yhdist\u00e4m\u00e4ll\u00e4 ilma- ja nestej\u00e4\u00e4hdytyksen yhteen j\u00e4rjestelm\u00e4\u00e4n n\u00e4m\u00e4 j\u00e4\u00e4hdyttimet tarjoavat tehokkaan ratkaisun, joka johtaa tehokkaasti l\u00e4mp\u00f6\u00e4 pois ja suojaa kompressoreita ylikuumenemiselta. Kombij\u00e4\u00e4hdytin k\u00e4ytt\u00e4\u00e4 sek\u00e4 ilma- ett\u00e4 nestej\u00e4\u00e4hdytyst\u00e4 j\u00e4\u00e4hdytystehon maksimoimiseksi. T\u00e4m\u00e4 tarjoaa t\u00e4ydellisen j\u00e4\u00e4hdytysj\u00e4rjestelm\u00e4n, joka pystyy k\u00e4sittelem\u00e4\u00e4n monissa teollisuussovelluksissa esiintyvi\u00e4 korkeita l\u00e4mp\u00f6tiloja ja jatkuvaa kuormitusta. Kombij\u00e4\u00e4hdyttimemme on optimoitu vastaamaan kompressorij\u00e4\u00e4hdytyksen erityisvaatimuksia, mik\u00e4 takaa luotettavan toiminnan ja pident\u00e4\u00e4 kriittisten laitteiden k\u00e4ytt\u00f6ik\u00e4\u00e4.    <\/span><\/p>\n\t\t\t\t\t\t\t\t<\/div>\n\t\t\t\t<div class=\"elementor-element elementor-element-4816f49 elementor-widget elementor-widget-heading\" data-id=\"4816f49\" data-element_type=\"widget\" data-e-type=\"widget\" data-widget_type=\"heading.default\">\n\t\t\t\t\t<h2 class=\"elementor-heading-title elementor-size-default\">EMMEGI-kombij\u00e4\u00e4hdyttimien edut:<\/h2>\t\t\t\t<\/div>\n\t\t\t\t<div class=\"elementor-element elementor-element-15c7ba5 elementor-widget__width-initial elementor-widget elementor-widget-text-editor\" data-id=\"15c7ba5\" data-element_type=\"widget\" data-e-type=\"widget\" data-widget_type=\"text-editor.default\">\n\t\t\t\t\t\t\t\t\t<p><strong>Ylivoimainen j\u00e4\u00e4hdytys<\/strong>: Ilma- ja nestej\u00e4\u00e4hdytyksen yhdistelm\u00e4 tarjoaa tehokkaan l\u00e4mm\u00f6nsiirron, joka suojaa kompressoria ylikuumenemiselta ja pident\u00e4\u00e4 k\u00e4ytt\u00f6aikaa.<\/p>\n<p><strong>V\u00e4hennetty energiankulutus<\/strong>: Tehokas rakenne auttaa v\u00e4hent\u00e4m\u00e4\u00e4n energiankulutusta varmistamalla optimaalisen j\u00e4\u00e4hdytyksen ilman ylikuormitusta.<\/p>\n<p><strong>Kest\u00e4v\u00e4 rakenne<\/strong>: Valmistettu korroosionkest\u00e4vist\u00e4 materiaaleista, jotka kest\u00e4v\u00e4t vaativia ymp\u00e4rist\u00f6j\u00e4 ja minimoivat kulumisen.<\/p>\n<p><strong>R\u00e4\u00e4t\u00e4l\u00f6it\u00e4viss\u00e4 oleva rakenne<\/strong>: Kombij\u00e4\u00e4hdyttimemme voidaan r\u00e4\u00e4t\u00e4l\u00f6id\u00e4 erityisten asennustarpeiden ja j\u00e4\u00e4hdytysvaatimusten mukaan, joten ne soveltuvat erilaisiin teollisuusymp\u00e4rist\u00f6ihin.<\/p>\n\t\t\t\t\t\t\t\t<\/div>\n\t\t\t\t\t<\/div>\n\t\t\t\t<\/div>\n\t\t<div class=\"elementor-element elementor-element-0b0c5c6 e-flex e-con-boxed e-con e-parent\" data-id=\"0b0c5c6\" data-element_type=\"container\" data-e-type=\"container\">\n\t\t\t\t\t<div class=\"e-con-inner\">\n\t\t<div class=\"elementor-element elementor-element-7b20d3d e-con-full e-flex e-con e-child\" data-id=\"7b20d3d\" data-element_type=\"container\" data-e-type=\"container\">\n\t\t\t\t<div class=\"elementor-element elementor-element-9659b6a elementor-widget__width-initial elementor-widget-mobile__width-initial elementor-widget elementor-widget-image\" data-id=\"9659b6a\" data-element_type=\"widget\" data-e-type=\"widget\" data-widget_type=\"image.default\">\n\t\t\t\t\t\t\t\t\t\t\t\t\t\t\t<img fetchpriority=\"high\" decoding=\"async\" width=\"1024\" height=\"1024\" src=\"https:\/\/emmeginordic.se\/wp-content\/uploads\/2024\/10\/emmegi10.png\" class=\"attachment-large size-large wp-image-2692\" alt=\"EMMEGI\" srcset=\"https:\/\/emmeginordic.se\/wp-content\/uploads\/2024\/10\/emmegi10.png 1024w, https:\/\/emmeginordic.se\/wp-content\/uploads\/2024\/10\/emmegi10-300x300.png 300w, https:\/\/emmeginordic.se\/wp-content\/uploads\/2024\/10\/emmegi10-150x150.png 150w, https:\/\/emmeginordic.se\/wp-content\/uploads\/2024\/10\/emmegi10-768x768.png 768w\" sizes=\"(max-width: 1024px) 100vw, 1024px\" \/>\t\t\t\t\t\t\t\t\t\t\t\t\t\t\t<\/div>\n\t\t\t\t<\/div>\n\t\t<div class=\"elementor-element elementor-element-b2481cf e-con-full e-flex e-con e-child\" data-id=\"b2481cf\" data-element_type=\"container\" data-e-type=\"container\" data-settings=\"{&quot;background_background&quot;:&quot;classic&quot;}\">\n\t\t\t\t<div class=\"elementor-element elementor-element-c3109c7 elementor-widget elementor-widget-heading\" data-id=\"c3109c7\" data-element_type=\"widget\" data-e-type=\"widget\" data-widget_type=\"heading.default\">\n\t\t\t\t\t<h2 class=\"elementor-heading-title elementor-size-default\">Yksityiskohtaisempia tuotetietoja on saatavilla t\u00e4\u00e4ll\u00e4!<\/h2>\t\t\t\t<\/div>\n\t\t\t\t<div class=\"elementor-element elementor-element-2d38a1f elementor-widget elementor-widget-button\" data-id=\"2d38a1f\" data-element_type=\"widget\" data-e-type=\"widget\" data-widget_type=\"button.default\">\n\t\t\t\t\t\t\t\t\t\t<a class=\"elementor-button elementor-button-link elementor-size-sm\" href=\"https:\/\/it.emmegi.group\/en\/products\/combi-coolers-for-cc-series-compressors\/\">\n\t\t\t\t\t\t<span class=\"elementor-button-content-wrapper\">\n\t\t\t\t\t\t\t\t\t<span class=\"elementor-button-text\">Lue lis\u00e4\u00e4 t\u00e4\u00e4lt\u00e4<\/span>\n\t\t\t\t\t<\/span>\n\t\t\t\t\t<\/a>\n\t\t\t\t\t\t\t\t<\/div>\n\t\t\t\t<\/div>\n\t\t\t\t\t<\/div>\n\t\t\t\t<\/div>\n\t\t<div class=\"elementor-element elementor-element-ab4a17d e-flex e-con-boxed e-con e-parent\" data-id=\"ab4a17d\" data-element_type=\"container\" data-e-type=\"container\">\n\t\t\t\t\t<div class=\"e-con-inner\">\n\t\t\t\t<div class=\"elementor-element elementor-element-05a3c56 elementor-widget-divider--view-line elementor-widget elementor-widget-divider\" data-id=\"05a3c56\" data-element_type=\"widget\" data-e-type=\"widget\" data-widget_type=\"divider.default\">\n\t\t\t\t\t\t\t<div class=\"elementor-divider\">\n\t\t\t<span class=\"elementor-divider-separator\">\n\t\t\t\t\t\t<\/span>\n\t\t<\/div>\n\t\t\t\t\t\t<\/div>\n\t\t\t\t<div class=\"elementor-element elementor-element-6f8c466 elementor-widget elementor-widget-heading\" data-id=\"6f8c466\" data-element_type=\"widget\" data-e-type=\"widget\" data-widget_type=\"heading.default\">\n\t\t\t\t\t<h2 class=\"elementor-heading-title elementor-size-default\">Yhdistelm\u00e4kylm\u00e4laite kompressoreita varten<\/h2>\t\t\t\t<\/div>\n\t\t\t\t\t<\/div>\n\t\t\t\t<\/div>\n\t\t<div class=\"elementor-element elementor-element-b1cf0bf e-flex e-con-boxed e-con e-parent\" data-id=\"b1cf0bf\" data-element_type=\"container\" data-e-type=\"container\">\n\t\t\t\t\t<div class=\"e-con-inner\">\n\t\t<div class=\"elementor-element elementor-element-5802744 e-con-full e-flex e-con e-child\" data-id=\"5802744\" data-element_type=\"container\" data-e-type=\"container\" data-settings=\"{&quot;background_background&quot;:&quot;classic&quot;}\">\n\t\t\t\t<div class=\"elementor-element elementor-element-7d162e4 elementor-widget__width-initial elementor-widget-mobile__width-initial elementor-widget elementor-widget-heading\" data-id=\"7d162e4\" data-element_type=\"widget\" data-e-type=\"widget\" data-widget_type=\"heading.default\">\n\t\t\t\t\t<h2 class=\"elementor-heading-title elementor-size-default\">CC<\/h2>\t\t\t\t<\/div>\n\t\t\t\t<\/div>\n\t\t\t\t<div class=\"elementor-element elementor-element-11b27be elementor-widget__width-initial elementor-widget-mobile__width-initial elementor-widget elementor-widget-button\" data-id=\"11b27be\" data-element_type=\"widget\" data-e-type=\"widget\" data-widget_type=\"button.default\">\n\t\t\t\t\t\t\t\t\t\t<a class=\"elementor-button elementor-button-link elementor-size-sm\" href=\"https:\/\/it.emmegi.group\/wp-content\/uploads\/sites\/8\/2023\/06\/Catalogo-CC.pdf\" target=\"_blank\">\n\t\t\t\t\t\t<span class=\"elementor-button-content-wrapper\">\n\t\t\t\t\t\t<span class=\"elementor-button-icon\">\n\t\t\t\t<svg aria-hidden=\"true\" class=\"e-font-icon-svg e-fas-download\" viewBox=\"0 0 512 512\" xmlns=\"http:\/\/www.w3.org\/2000\/svg\"><path d=\"M216 0h80c13.3 0 24 10.7 24 24v168h87.7c17.8 0 26.7 21.5 14.1 34.1L269.7 378.3c-7.5 7.5-19.8 7.5-27.3 0L90.1 226.1c-12.6-12.6-3.7-34.1 14.1-34.1H192V24c0-13.3 10.7-24 24-24zm296 376v112c0 13.3-10.7 24-24 24H24c-13.3 0-24-10.7-24-24V376c0-13.3 10.7-24 24-24h146.7l49 49c20.1 20.1 52.5 20.1 72.6 0l49-49H488c13.3 0 24 10.7 24 24zm-124 88c0-11-9-20-20-20s-20 9-20 20 9 20 20 20 20-9 20-20zm64 0c0-11-9-20-20-20s-20 9-20 20 9 20 20 20 20-9 20-20z\"><\/path><\/svg>\t\t\t<\/span>\n\t\t\t\t\t\t\t\t\t<span class=\"elementor-button-text\">Lataa pdf<\/span>\n\t\t\t\t\t<\/span>\n\t\t\t\t\t<\/a>\n\t\t\t\t\t\t\t\t<\/div>\n\t\t\t\t\t<\/div>\n\t\t\t\t<\/div>\n\t\t<div class=\"elementor-element elementor-element-2341825 e-flex e-con-boxed e-con e-parent\" data-id=\"2341825\" data-element_type=\"container\" data-e-type=\"container\" data-settings=\"{&quot;background_background&quot;:&quot;classic&quot;}\">\n\t\t\t\t\t<div class=\"e-con-inner\">\n\t\t<div class=\"elementor-element elementor-element-9826fa6 e-con-full e-flex e-con e-child\" data-id=\"9826fa6\" data-element_type=\"container\" data-e-type=\"container\">\n\t\t\t\t<div class=\"elementor-element elementor-element-23ba714 elementor-widget elementor-widget-heading\" data-id=\"23ba714\" data-element_type=\"widget\" data-e-type=\"widget\" data-widget_type=\"heading.default\">\n\t\t\t\t\t<h2 class=\"elementor-heading-title elementor-size-default\">Etk\u00f6 ole varma, mik\u00e4 j\u00e4\u00e4hdytin sopii sovellukseesi?<\/h2>\t\t\t\t<\/div>\n\t\t\t\t<div class=\"elementor-element elementor-element-d49cec9 elementor-widget elementor-widget-button\" data-id=\"d49cec9\" data-element_type=\"widget\" data-e-type=\"widget\" data-widget_type=\"button.default\">\n\t\t\t\t\t\t\t\t\t\t<a class=\"elementor-button elementor-button-link elementor-size-sm\" href=\"https:\/\/emmeginordic.se\/fi\/ota-yhteytta\/\">\n\t\t\t\t\t\t<span class=\"elementor-button-content-wrapper\">\n\t\t\t\t\t\t\t\t\t<span class=\"elementor-button-text\">Ota meihin yhteytt\u00e4 osoitteessa<\/span>\n\t\t\t\t\t<\/span>\n\t\t\t\t\t<\/a>\n\t\t\t\t\t\t\t\t<\/div>\n\t\t\t\t<\/div>\n\t\t\t\t\t<\/div>\n\t\t\t\t<\/div>\n\t\t\t\t<\/div>\n\t\t","protected":false},"excerpt":{"rendered":"<p>Tehokas ja luotettava j\u00e4\u00e4hdytys Kompressorikombij\u00e4\u00e4hdyttimet on suunniteltu k\u00e4sittelem\u00e4\u00e4n teollisuuden kompressoritoiminnoissa syntyvi\u00e4 korkeita l\u00e4mp\u00f6tiloja. Yhdist\u00e4m\u00e4ll\u00e4 ilma- ja nestej\u00e4\u00e4hdytyksen yhteen j\u00e4rjestelm\u00e4\u00e4n n\u00e4m\u00e4 j\u00e4\u00e4hdyttimet tarjoavat tehokkaan ratkaisun, joka johtaa tehokkaasti l\u00e4mp\u00f6\u00e4 pois ja suojaa kompressoreita ylikuumenemiselta. Kombij\u00e4\u00e4hdytin k\u00e4ytt\u00e4\u00e4 sek\u00e4 ilma- ett\u00e4 nestej\u00e4\u00e4hdytyst\u00e4 j\u00e4\u00e4hdytystehon maksimoimiseksi. T\u00e4m\u00e4 tarjoaa t\u00e4ydellisen j\u00e4\u00e4hdytysj\u00e4rjestelm\u00e4n, joka pystyy k\u00e4sittelem\u00e4\u00e4n monissa teollisuussovelluksissa esiintyvi\u00e4 korkeita l\u00e4mp\u00f6tiloja ja jatkuvaa [&hellip;]<\/p>\n","protected":false},"author":1,"featured_media":0,"parent":0,"menu_order":0,"comment_status":"closed","ping_status":"closed","template":"","meta":{"site-sidebar-layout":"no-sidebar","site-content-layout":"page-builder","ast-site-content-layout":"full-width-container","site-content-style":"unboxed","site-sidebar-style":"unboxed","ast-global-header-display":"","ast-banner-title-visibility":"","ast-main-header-display":"","ast-hfb-above-header-display":"","ast-hfb-below-header-display":"","ast-hfb-mobile-header-display":"","site-post-title":"disabled","ast-breadcrumbs-content":"","ast-featured-img":"disabled","footer-sml-layout":"","ast-disable-related-posts":"","theme-transparent-header-meta":"enabled","adv-header-id-meta":"","stick-header-meta":"","header-above-stick-meta":"","header-main-stick-meta":"","header-below-stick-meta":"","astra-migrate-meta-layouts":"default","ast-page-background-enabled":"default","ast-page-background-meta":{"desktop":{"background-color":"var(--ast-global-color-4)","background-image":"","background-repeat":"repeat","background-position":"center center","background-size":"auto","background-attachment":"scroll","background-type":"","background-media":"","overlay-type":"","overlay-color":"","overlay-opacity":"","overlay-gradient":""},"tablet":{"background-color":"","background-image":"","background-repeat":"repeat","background-position":"center center","background-size":"auto","background-attachment":"scroll","background-type":"","background-media":"","overlay-type":"","overlay-color":"","overlay-opacity":"","overlay-gradient":""},"mobile":{"background-color":"","background-image":"","background-repeat":"repeat","background-position":"center center","background-size":"auto","background-attachment":"scroll","background-type":"","background-media":"","overlay-type":"","overlay-color":"","overlay-opacity":"","overlay-gradient":""}},"ast-content-background-meta":{"desktop":{"background-color":"var(--ast-global-color-5)","background-image":"","background-repeat":"repeat","background-position":"center center","background-size":"auto","background-attachment":"scroll","background-type":"","background-media":"","overlay-type":"","overlay-color":"","overlay-opacity":"","overlay-gradient":""},"tablet":{"background-color":"var(--ast-global-color-5)","background-image":"","background-repeat":"repeat","background-position":"center center","background-size":"auto","background-attachment":"scroll","background-type":"","background-media":"","overlay-type":"","overlay-color":"","overlay-opacity":"","overlay-gradient":""},"mobile":{"background-color":"var(--ast-global-color-5)","background-image":"","background-repeat":"repeat","background-position":"center center","background-size":"auto","background-attachment":"scroll","background-type":"","background-media":"","overlay-type":"","overlay-color":"","overlay-opacity":"","overlay-gradient":""}},"footnotes":""},"class_list":["post-2800","page","type-page","status-publish","hentry"],"yoast_head":"<!-- This site is optimized with the Yoast SEO plugin v27.2 - https:\/\/yoast.com\/product\/yoast-seo-wordpress\/ -->\n<title>Yhdistelm\u00e4kylm\u00e4laite kompressoreita varten - Emmegi<\/title>\n<meta name=\"description\" content=\"Kompressorikombij\u00e4\u00e4hdyttimiss\u00e4mme k\u00e4ytet\u00e4\u00e4n sek\u00e4 ilma- ett\u00e4 nestej\u00e4\u00e4hdytyst\u00e4 j\u00e4\u00e4hdytystehon maksimoimiseksi. Ilmaj\u00e4\u00e4hdytysosa poistaa nopeasti...\" \/>\n<meta name=\"robots\" content=\"index, follow, max-snippet:-1, max-image-preview:large, max-video-preview:-1\" \/>\n<link rel=\"canonical\" href=\"https:\/\/emmegi.hemsida.eu\/kombikylare-for-kompressorer\/\" \/>\n<meta property=\"og:locale\" content=\"fi_FI\" \/>\n<meta property=\"og:type\" content=\"article\" \/>\n<meta property=\"og:title\" content=\"Yhdistelm\u00e4kylm\u00e4laite kompressoreita varten - Emmegi\" \/>\n<meta property=\"og:description\" content=\"Kompressorikombij\u00e4\u00e4hdyttimiss\u00e4mme k\u00e4ytet\u00e4\u00e4n sek\u00e4 ilma- ett\u00e4 nestej\u00e4\u00e4hdytyst\u00e4 j\u00e4\u00e4hdytystehon maksimoimiseksi. Ilmaj\u00e4\u00e4hdytysosa poistaa nopeasti...\" \/>\n<meta property=\"og:url\" content=\"https:\/\/emmegi.hemsida.eu\/kombikylare-for-kompressorer\/\" \/>\n<meta property=\"og:site_name\" content=\"Emmegi\" \/>\n<meta property=\"article:modified_time\" content=\"2024-11-22T12:32:18+00:00\" \/>\n<meta property=\"og:image\" content=\"https:\/\/emmeginordic.se\/wp-content\/uploads\/2024\/10\/emmegi10.png\" \/>\n\t<meta property=\"og:image:width\" content=\"1024\" \/>\n\t<meta property=\"og:image:height\" content=\"1024\" \/>\n\t<meta property=\"og:image:type\" content=\"image\/png\" \/>\n<meta name=\"twitter:card\" content=\"summary_large_image\" \/>\n<meta name=\"twitter:label1\" content=\"Arvioitu lukuaika\" \/>\n\t<meta name=\"twitter:data1\" content=\"1 minuutti\" \/>\n<script type=\"application\/ld+json\" class=\"yoast-schema-graph\">{\"@context\":\"https:\/\/schema.org\",\"@graph\":[{\"@type\":\"WebPage\",\"@id\":\"https:\/\/emmegi.hemsida.eu\/kombikylare-for-kompressorer\/\",\"url\":\"https:\/\/emmegi.hemsida.eu\/kombikylare-for-kompressorer\/\",\"name\":\"Yhdistelm\u00e4kylm\u00e4laite kompressoreita varten - Emmegi\",\"isPartOf\":{\"@id\":\"https:\/\/emmegi.hemsida.eu\/#website\"},\"primaryImageOfPage\":{\"@id\":\"https:\/\/emmegi.hemsida.eu\/kombikylare-for-kompressorer\/#primaryimage\"},\"image\":{\"@id\":\"https:\/\/emmegi.hemsida.eu\/kombikylare-for-kompressorer\/#primaryimage\"},\"thumbnailUrl\":\"https:\/\/emmeginordic.se\/wp-content\/uploads\/2024\/10\/emmegi10.png\",\"datePublished\":\"2024-10-11T11:55:56+00:00\",\"dateModified\":\"2024-11-22T12:32:18+00:00\",\"description\":\"Kompressorikombij\u00e4\u00e4hdyttimiss\u00e4mme k\u00e4ytet\u00e4\u00e4n sek\u00e4 ilma- ett\u00e4 nestej\u00e4\u00e4hdytyst\u00e4 j\u00e4\u00e4hdytystehon maksimoimiseksi. Ilmaj\u00e4\u00e4hdytysosa poistaa nopeasti...\",\"breadcrumb\":{\"@id\":\"https:\/\/emmegi.hemsida.eu\/kombikylare-for-kompressorer\/#breadcrumb\"},\"inLanguage\":\"fi\",\"potentialAction\":[{\"@type\":\"ReadAction\",\"target\":[\"https:\/\/emmegi.hemsida.eu\/kombikylare-for-kompressorer\/\"]}]},{\"@type\":\"ImageObject\",\"inLanguage\":\"fi\",\"@id\":\"https:\/\/emmegi.hemsida.eu\/kombikylare-for-kompressorer\/#primaryimage\",\"url\":\"https:\/\/emmeginordic.se\/wp-content\/uploads\/2024\/10\/emmegi10.png\",\"contentUrl\":\"https:\/\/emmeginordic.se\/wp-content\/uploads\/2024\/10\/emmegi10.png\"},{\"@type\":\"BreadcrumbList\",\"@id\":\"https:\/\/emmegi.hemsida.eu\/kombikylare-for-kompressorer\/#breadcrumb\",\"itemListElement\":[{\"@type\":\"ListItem\",\"position\":1,\"name\":\"Hem\",\"item\":\"https:\/\/emmeginordic.se\/fi\/etusivu\/\"},{\"@type\":\"ListItem\",\"position\":2,\"name\":\"Yhdistelm\u00e4kylm\u00e4laite kompressoreita varten\"}]},{\"@type\":\"WebSite\",\"@id\":\"https:\/\/emmegi.hemsida.eu\/#website\",\"url\":\"https:\/\/emmegi.hemsida.eu\/\",\"name\":\"Emmegi\",\"description\":\"Heat Exchangers\",\"publisher\":{\"@id\":\"https:\/\/emmegi.hemsida.eu\/#organization\"},\"potentialAction\":[{\"@type\":\"SearchAction\",\"target\":{\"@type\":\"EntryPoint\",\"urlTemplate\":\"https:\/\/emmegi.hemsida.eu\/?s={search_term_string}\"},\"query-input\":{\"@type\":\"PropertyValueSpecification\",\"valueRequired\":true,\"valueName\":\"search_term_string\"}}],\"inLanguage\":\"fi\"},{\"@type\":\"Organization\",\"@id\":\"https:\/\/emmegi.hemsida.eu\/#organization\",\"name\":\"Emmegi\",\"url\":\"https:\/\/emmegi.hemsida.eu\/\",\"logo\":{\"@type\":\"ImageObject\",\"inLanguage\":\"fi\",\"@id\":\"https:\/\/emmegi.hemsida.eu\/#\/schema\/logo\/image\/\",\"url\":\"https:\/\/emmeginordic.se\/wp-content\/uploads\/2024\/10\/emmegi-logo.svg\",\"contentUrl\":\"https:\/\/emmeginordic.se\/wp-content\/uploads\/2024\/10\/emmegi-logo.svg\",\"width\":201,\"height\":48,\"caption\":\"Emmegi\"},\"image\":{\"@id\":\"https:\/\/emmegi.hemsida.eu\/#\/schema\/logo\/image\/\"}}]}<\/script>\n<!-- \/ Yoast SEO plugin. -->","yoast_head_json":{"title":"Yhdistelm\u00e4kylm\u00e4laite kompressoreita varten - Emmegi","description":"Kompressorikombij\u00e4\u00e4hdyttimiss\u00e4mme k\u00e4ytet\u00e4\u00e4n sek\u00e4 ilma- ett\u00e4 nestej\u00e4\u00e4hdytyst\u00e4 j\u00e4\u00e4hdytystehon maksimoimiseksi. Ilmaj\u00e4\u00e4hdytysosa poistaa nopeasti...","robots":{"index":"index","follow":"follow","max-snippet":"max-snippet:-1","max-image-preview":"max-image-preview:large","max-video-preview":"max-video-preview:-1"},"canonical":"https:\/\/emmegi.hemsida.eu\/kombikylare-for-kompressorer\/","og_locale":"fi_FI","og_type":"article","og_title":"Yhdistelm\u00e4kylm\u00e4laite kompressoreita varten - Emmegi","og_description":"Kompressorikombij\u00e4\u00e4hdyttimiss\u00e4mme k\u00e4ytet\u00e4\u00e4n sek\u00e4 ilma- ett\u00e4 nestej\u00e4\u00e4hdytyst\u00e4 j\u00e4\u00e4hdytystehon maksimoimiseksi. Ilmaj\u00e4\u00e4hdytysosa poistaa nopeasti...","og_url":"https:\/\/emmegi.hemsida.eu\/kombikylare-for-kompressorer\/","og_site_name":"Emmegi","article_modified_time":"2024-11-22T12:32:18+00:00","og_image":[{"width":1024,"height":1024,"url":"https:\/\/emmeginordic.se\/wp-content\/uploads\/2024\/10\/emmegi10.png","type":"image\/png"}],"twitter_card":"summary_large_image","twitter_misc":{"Arvioitu lukuaika":"1 minuutti"},"schema":{"@context":"https:\/\/schema.org","@graph":[{"@type":"WebPage","@id":"https:\/\/emmegi.hemsida.eu\/kombikylare-for-kompressorer\/","url":"https:\/\/emmegi.hemsida.eu\/kombikylare-for-kompressorer\/","name":"Yhdistelm\u00e4kylm\u00e4laite kompressoreita varten - Emmegi","isPartOf":{"@id":"https:\/\/emmegi.hemsida.eu\/#website"},"primaryImageOfPage":{"@id":"https:\/\/emmegi.hemsida.eu\/kombikylare-for-kompressorer\/#primaryimage"},"image":{"@id":"https:\/\/emmegi.hemsida.eu\/kombikylare-for-kompressorer\/#primaryimage"},"thumbnailUrl":"https:\/\/emmeginordic.se\/wp-content\/uploads\/2024\/10\/emmegi10.png","datePublished":"2024-10-11T11:55:56+00:00","dateModified":"2024-11-22T12:32:18+00:00","description":"Kompressorikombij\u00e4\u00e4hdyttimiss\u00e4mme k\u00e4ytet\u00e4\u00e4n sek\u00e4 ilma- ett\u00e4 nestej\u00e4\u00e4hdytyst\u00e4 j\u00e4\u00e4hdytystehon maksimoimiseksi. Ilmaj\u00e4\u00e4hdytysosa poistaa nopeasti...","breadcrumb":{"@id":"https:\/\/emmegi.hemsida.eu\/kombikylare-for-kompressorer\/#breadcrumb"},"inLanguage":"fi","potentialAction":[{"@type":"ReadAction","target":["https:\/\/emmegi.hemsida.eu\/kombikylare-for-kompressorer\/"]}]},{"@type":"ImageObject","inLanguage":"fi","@id":"https:\/\/emmegi.hemsida.eu\/kombikylare-for-kompressorer\/#primaryimage","url":"https:\/\/emmeginordic.se\/wp-content\/uploads\/2024\/10\/emmegi10.png","contentUrl":"https:\/\/emmeginordic.se\/wp-content\/uploads\/2024\/10\/emmegi10.png"},{"@type":"BreadcrumbList","@id":"https:\/\/emmegi.hemsida.eu\/kombikylare-for-kompressorer\/#breadcrumb","itemListElement":[{"@type":"ListItem","position":1,"name":"Hem","item":"https:\/\/emmeginordic.se\/fi\/etusivu\/"},{"@type":"ListItem","position":2,"name":"Yhdistelm\u00e4kylm\u00e4laite kompressoreita varten"}]},{"@type":"WebSite","@id":"https:\/\/emmegi.hemsida.eu\/#website","url":"https:\/\/emmegi.hemsida.eu\/","name":"Emmegi","description":"Heat Exchangers","publisher":{"@id":"https:\/\/emmegi.hemsida.eu\/#organization"},"potentialAction":[{"@type":"SearchAction","target":{"@type":"EntryPoint","urlTemplate":"https:\/\/emmegi.hemsida.eu\/?s={search_term_string}"},"query-input":{"@type":"PropertyValueSpecification","valueRequired":true,"valueName":"search_term_string"}}],"inLanguage":"fi"},{"@type":"Organization","@id":"https:\/\/emmegi.hemsida.eu\/#organization","name":"Emmegi","url":"https:\/\/emmegi.hemsida.eu\/","logo":{"@type":"ImageObject","inLanguage":"fi","@id":"https:\/\/emmegi.hemsida.eu\/#\/schema\/logo\/image\/","url":"https:\/\/emmeginordic.se\/wp-content\/uploads\/2024\/10\/emmegi-logo.svg","contentUrl":"https:\/\/emmeginordic.se\/wp-content\/uploads\/2024\/10\/emmegi-logo.svg","width":201,"height":48,"caption":"Emmegi"},"image":{"@id":"https:\/\/emmegi.hemsida.eu\/#\/schema\/logo\/image\/"}}]}},"_links":{"self":[{"href":"https:\/\/emmeginordic.se\/fi\/wp-json\/wp\/v2\/pages\/2800","targetHints":{"allow":["GET"]}}],"collection":[{"href":"https:\/\/emmeginordic.se\/fi\/wp-json\/wp\/v2\/pages"}],"about":[{"href":"https:\/\/emmeginordic.se\/fi\/wp-json\/wp\/v2\/types\/page"}],"author":[{"embeddable":true,"href":"https:\/\/emmeginordic.se\/fi\/wp-json\/wp\/v2\/users\/1"}],"replies":[{"embeddable":true,"href":"https:\/\/emmeginordic.se\/fi\/wp-json\/wp\/v2\/comments?post=2800"}],"version-history":[{"count":6,"href":"https:\/\/emmeginordic.se\/fi\/wp-json\/wp\/v2\/pages\/2800\/revisions"}],"predecessor-version":[{"id":3927,"href":"https:\/\/emmeginordic.se\/fi\/wp-json\/wp\/v2\/pages\/2800\/revisions\/3927"}],"wp:attachment":[{"href":"https:\/\/emmeginordic.se\/fi\/wp-json\/wp\/v2\/media?parent=2800"}],"curies":[{"name":"wp","href":"https:\/\/api.w.org\/{rel}","templated":true}]}}