{"id":2796,"date":"2024-10-14T07:42:16","date_gmt":"2024-10-14T07:42:16","guid":{"rendered":"https:\/\/emmeginordic.se\/tarvikkeet\/"},"modified":"2025-01-20T11:49:05","modified_gmt":"2025-01-20T11:49:05","slug":"tarvikkeet","status":"publish","type":"page","link":"https:\/\/emmeginordic.se\/fi\/tarvikkeet\/","title":{"rendered":"Tarvikkeet"},"content":{"rendered":"\t\t<div data-elementor-type=\"wp-page\" data-elementor-id=\"2796\" class=\"elementor elementor-2796 elementor-2476\" data-elementor-post-type=\"page\">\n\t\t\t\t<div class=\"elementor-element elementor-element-93263f3 e-flex e-con-boxed e-con e-parent\" data-id=\"93263f3\" data-element_type=\"container\" data-e-type=\"container\" data-settings=\"{&quot;background_background&quot;:&quot;classic&quot;}\">\n\t\t\t\t\t<div class=\"e-con-inner\">\n\t\t<div class=\"elementor-element elementor-element-6c32ff7 e-flex e-con-boxed e-con e-child\" data-id=\"6c32ff7\" data-element_type=\"container\" data-e-type=\"container\">\n\t\t\t\t\t<div class=\"e-con-inner\">\n\t\t\t\t\t<\/div>\n\t\t\t\t<\/div>\n\t\t\t\t\t<\/div>\n\t\t\t\t<\/div>\n\t\t<div class=\"elementor-element elementor-element-5a7e269 e-flex e-con-boxed e-con e-parent\" data-id=\"5a7e269\" data-element_type=\"container\" data-e-type=\"container\">\n\t\t\t\t\t<div class=\"e-con-inner\">\n\t\t\t\t<div class=\"elementor-element elementor-element-2496a2e elementor-widget-divider--view-line elementor-widget elementor-widget-divider\" data-id=\"2496a2e\" data-element_type=\"widget\" data-e-type=\"widget\" data-widget_type=\"divider.default\">\n\t\t\t\t\t\t\t<div class=\"elementor-divider\">\n\t\t\t<span class=\"elementor-divider-separator\">\n\t\t\t\t\t\t<\/span>\n\t\t<\/div>\n\t\t\t\t\t\t<\/div>\n\t\t\t\t<div class=\"elementor-element elementor-element-14001d4 elementor-widget__width-initial elementor-widget elementor-widget-text-editor\" data-id=\"14001d4\" data-element_type=\"widget\" data-e-type=\"widget\" data-widget_type=\"text-editor.default\">\n\t\t\t\t\t\t\t\t\t<div class=\"page\" title=\"Sivu 1\">\n<div class=\"section\">\n<div class=\"layoutArea\">\n<div class=\"column\">\n<p><strong>EMMEGIll\u00e4 on laaja valikoima lis\u00e4varusteita <span style=\"font-size: 16px;\">j\u00e4\u00e4hdytysratkaisun<\/span> optimoimiseksi:<\/strong><\/p>\n<\/div>\n<\/div>\n<\/div>\n<\/div>\n<div class=\"page\" title=\"Sivu 1\">\n<div class=\"section\">\n<div class=\"layoutArea\">\n<div class=\"column\">\n<ul>\n<li>Proportionaaliset s\u00e4\u00e4timet<\/li>\n<li>S\u00e4\u00e4dett\u00e4v\u00e4t termostaatit<\/li>\n<li>Aikakytkin<\/li>\n<li>Termostaatit, joissa on kiinte\u00e4 l\u00e4mp\u00f6tilarele <\/li>\n<li>Termostaattiset venttiilit vett\u00e4 varten<\/li>\n<li>3-suuntaiset<span style=\"font-size: 16px;\">l\u00e4mp\u00f6tilan s\u00e4\u00e4timet<\/span><\/li>\n<\/ul>\n<\/div>\n<\/div>\n<\/div>\n<\/div>\n\t\t\t\t\t\t\t\t<\/div>\n\t\t\t\t\t<\/div>\n\t\t\t\t<\/div>\n\t\t<div class=\"elementor-element elementor-element-0b0c5c6 e-flex e-con-boxed e-con e-parent\" data-id=\"0b0c5c6\" data-element_type=\"container\" data-e-type=\"container\">\n\t\t\t\t\t<div class=\"e-con-inner\">\n\t\t<div class=\"elementor-element elementor-element-7b20d3d e-con-full e-flex e-con e-child\" data-id=\"7b20d3d\" data-element_type=\"container\" data-e-type=\"container\">\n\t\t\t\t<div class=\"elementor-element elementor-element-9659b6a elementor-widget__width-initial elementor-widget-mobile__width-initial elementor-widget elementor-widget-image\" data-id=\"9659b6a\" data-element_type=\"widget\" data-e-type=\"widget\" data-widget_type=\"image.default\">\n\t\t\t\t\t\t\t\t\t\t\t\t\t\t\t<img fetchpriority=\"high\" decoding=\"async\" width=\"1000\" height=\"707\" src=\"https:\/\/emmeginordic.se\/wp-content\/uploads\/2024\/10\/emmegi12.jpeg\" class=\"attachment-large size-large wp-image-2698\" alt=\"\" srcset=\"https:\/\/emmeginordic.se\/wp-content\/uploads\/2024\/10\/emmegi12.jpeg 1000w, https:\/\/emmeginordic.se\/wp-content\/uploads\/2024\/10\/emmegi12-300x212.jpeg 300w, https:\/\/emmeginordic.se\/wp-content\/uploads\/2024\/10\/emmegi12-768x543.jpeg 768w\" sizes=\"(max-width: 1000px) 100vw, 1000px\" \/>\t\t\t\t\t\t\t\t\t\t\t\t\t\t\t<\/div>\n\t\t\t\t<\/div>\n\t\t<div class=\"elementor-element elementor-element-b2481cf e-con-full e-flex e-con e-child\" data-id=\"b2481cf\" data-element_type=\"container\" data-e-type=\"container\" data-settings=\"{&quot;background_background&quot;:&quot;classic&quot;}\">\n\t\t\t\t<div class=\"elementor-element elementor-element-c3109c7 elementor-widget elementor-widget-heading\" data-id=\"c3109c7\" data-element_type=\"widget\" data-e-type=\"widget\" data-widget_type=\"heading.default\">\n\t\t\t\t\t<h2 class=\"elementor-heading-title elementor-size-default\">Yksityiskohtaisempia tuotetietoja on saatavilla t\u00e4\u00e4ll\u00e4!<\/h2>\t\t\t\t<\/div>\n\t\t\t\t<div class=\"elementor-element elementor-element-2d38a1f elementor-widget elementor-widget-button\" data-id=\"2d38a1f\" data-element_type=\"widget\" data-e-type=\"widget\" data-widget_type=\"button.default\">\n\t\t\t\t\t\t\t\t\t\t<a class=\"elementor-button elementor-button-link elementor-size-sm\" href=\"https:\/\/it.emmegi.group\/en\/products\/accessories\/\">\n\t\t\t\t\t\t<span class=\"elementor-button-content-wrapper\">\n\t\t\t\t\t\t\t\t\t<span class=\"elementor-button-text\">Lue lis\u00e4\u00e4 t\u00e4\u00e4lt\u00e4<\/span>\n\t\t\t\t\t<\/span>\n\t\t\t\t\t<\/a>\n\t\t\t\t\t\t\t\t<\/div>\n\t\t\t\t<\/div>\n\t\t\t\t\t<\/div>\n\t\t\t\t<\/div>\n\t\t<div class=\"elementor-element elementor-element-ab4a17d e-flex e-con-boxed e-con e-parent\" data-id=\"ab4a17d\" data-element_type=\"container\" data-e-type=\"container\">\n\t\t\t\t\t<div class=\"e-con-inner\">\n\t\t\t\t<div class=\"elementor-element elementor-element-05a3c56 elementor-widget-divider--view-line elementor-widget elementor-widget-divider\" data-id=\"05a3c56\" data-element_type=\"widget\" data-e-type=\"widget\" data-widget_type=\"divider.default\">\n\t\t\t\t\t\t\t<div class=\"elementor-divider\">\n\t\t\t<span class=\"elementor-divider-separator\">\n\t\t\t\t\t\t<\/span>\n\t\t<\/div>\n\t\t\t\t\t\t<\/div>\n\t\t\t\t\t<\/div>\n\t\t\t\t<\/div>\n\t\t<div class=\"elementor-element elementor-element-b1cf0bf e-flex e-con-boxed e-con e-parent\" data-id=\"b1cf0bf\" data-element_type=\"container\" data-e-type=\"container\">\n\t\t\t\t\t<div class=\"e-con-inner\">\n\t\t<div class=\"elementor-element elementor-element-5802744 e-con-full e-flex e-con e-child\" data-id=\"5802744\" data-element_type=\"container\" data-e-type=\"container\" data-settings=\"{&quot;background_background&quot;:&quot;classic&quot;}\">\n\t\t\t\t<div class=\"elementor-element elementor-element-7d162e4 elementor-widget__width-initial elementor-widget-mobile__width-initial elementor-widget elementor-widget-heading\" data-id=\"7d162e4\" data-element_type=\"widget\" data-e-type=\"widget\" data-widget_type=\"heading.default\">\n\t\t\t\t\t<h2 class=\"elementor-heading-title elementor-size-default\">Tarvikkeet<\/h2>\t\t\t\t<\/div>\n\t\t\t\t<\/div>\n\t\t\t\t<div class=\"elementor-element elementor-element-11b27be elementor-widget__width-initial elementor-widget-mobile__width-initial elementor-widget elementor-widget-button\" data-id=\"11b27be\" data-element_type=\"widget\" data-e-type=\"widget\" data-widget_type=\"button.default\">\n\t\t\t\t\t\t\t\t\t\t<a class=\"elementor-button elementor-button-link elementor-size-sm\" href=\"https:\/\/emmeginordic.se\/wp-content\/uploads\/2025\/01\/Accessori.pdf\" target=\"_blank\">\n\t\t\t\t\t\t<span class=\"elementor-button-content-wrapper\">\n\t\t\t\t\t\t<span class=\"elementor-button-icon\">\n\t\t\t\t<svg aria-hidden=\"true\" class=\"e-font-icon-svg e-fas-download\" viewBox=\"0 0 512 512\" xmlns=\"http:\/\/www.w3.org\/2000\/svg\"><path d=\"M216 0h80c13.3 0 24 10.7 24 24v168h87.7c17.8 0 26.7 21.5 14.1 34.1L269.7 378.3c-7.5 7.5-19.8 7.5-27.3 0L90.1 226.1c-12.6-12.6-3.7-34.1 14.1-34.1H192V24c0-13.3 10.7-24 24-24zm296 376v112c0 13.3-10.7 24-24 24H24c-13.3 0-24-10.7-24-24V376c0-13.3 10.7-24 24-24h146.7l49 49c20.1 20.1 52.5 20.1 72.6 0l49-49H488c13.3 0 24 10.7 24 24zm-124 88c0-11-9-20-20-20s-20 9-20 20 9 20 20 20 20-9 20-20zm64 0c0-11-9-20-20-20s-20 9-20 20 9 20 20 20 20-9 20-20z\"><\/path><\/svg>\t\t\t<\/span>\n\t\t\t\t\t\t\t\t\t<span class=\"elementor-button-text\">Lataa pdf<\/span>\n\t\t\t\t\t<\/span>\n\t\t\t\t\t<\/a>\n\t\t\t\t\t\t\t\t<\/div>\n\t\t\t\t\t<\/div>\n\t\t\t\t<\/div>\n\t\t<div class=\"elementor-element elementor-element-2341825 e-flex e-con-boxed e-con e-parent\" data-id=\"2341825\" data-element_type=\"container\" data-e-type=\"container\" data-settings=\"{&quot;background_background&quot;:&quot;classic&quot;}\">\n\t\t\t\t\t<div class=\"e-con-inner\">\n\t\t<div class=\"elementor-element elementor-element-9826fa6 e-con-full e-flex e-con e-child\" data-id=\"9826fa6\" data-element_type=\"container\" data-e-type=\"container\">\n\t\t\t\t<div class=\"elementor-element elementor-element-23ba714 elementor-widget elementor-widget-heading\" data-id=\"23ba714\" data-element_type=\"widget\" data-e-type=\"widget\" data-widget_type=\"heading.default\">\n\t\t\t\t\t<h2 class=\"elementor-heading-title elementor-size-default\">Etk\u00f6 ole varma, mitk\u00e4 lis\u00e4varusteet sopivat sovellukseesi?<\/h2>\t\t\t\t<\/div>\n\t\t\t\t<div class=\"elementor-element elementor-element-d49cec9 elementor-widget elementor-widget-button\" data-id=\"d49cec9\" data-element_type=\"widget\" data-e-type=\"widget\" data-widget_type=\"button.default\">\n\t\t\t\t\t\t\t\t\t\t<a class=\"elementor-button elementor-button-link elementor-size-sm\" href=\"http:\/\/Ota%20yhteytt\u00e4\">\n\t\t\t\t\t\t<span class=\"elementor-button-content-wrapper\">\n\t\t\t\t\t\t\t\t\t<span class=\"elementor-button-text\">Ota meihin yhteytt\u00e4 osoitteessa<\/span>\n\t\t\t\t\t<\/span>\n\t\t\t\t\t<\/a>\n\t\t\t\t\t\t\t\t<\/div>\n\t\t\t\t<\/div>\n\t\t\t\t\t<\/div>\n\t\t\t\t<\/div>\n\t\t\t\t<\/div>\n\t\t","protected":false},"excerpt":{"rendered":"<p>EMMEGIll\u00e4 on laaja valikoima lis\u00e4varusteita j\u00e4\u00e4hdytysratkaisun optimoimiseksi: Proportionaaliset s\u00e4\u00e4timet S\u00e4\u00e4dett\u00e4v\u00e4t termostaatit Aikakytkin Termostaatit, joissa on kiinte\u00e4 l\u00e4mp\u00f6tilarele Termostaattiset venttiilit vett\u00e4 varten 3-suuntaisetl\u00e4mp\u00f6tilan s\u00e4\u00e4timet Yksityiskohtaisempia tuotetietoja on saatavilla t\u00e4\u00e4ll\u00e4! Lue lis\u00e4\u00e4 t\u00e4\u00e4lt\u00e4 Tarvikkeet Lataa pdf Etk\u00f6 ole varma, mitk\u00e4 lis\u00e4varusteet sopivat sovellukseesi? Ota meihin yhteytt\u00e4 osoitteessa<\/p>\n","protected":false},"author":1,"featured_media":0,"parent":0,"menu_order":0,"comment_status":"closed","ping_status":"closed","template":"","meta":{"site-sidebar-layout":"no-sidebar","site-content-layout":"page-builder","ast-site-content-layout":"full-width-container","site-content-style":"unboxed","site-sidebar-style":"unboxed","ast-global-header-display":"","ast-banner-title-visibility":"","ast-main-header-display":"","ast-hfb-above-header-display":"","ast-hfb-below-header-display":"","ast-hfb-mobile-header-display":"","site-post-title":"disabled","ast-breadcrumbs-content":"","ast-featured-img":"disabled","footer-sml-layout":"","ast-disable-related-posts":"","theme-transparent-header-meta":"enabled","adv-header-id-meta":"","stick-header-meta":"","header-above-stick-meta":"","header-main-stick-meta":"","header-below-stick-meta":"","astra-migrate-meta-layouts":"default","ast-page-background-enabled":"default","ast-page-background-meta":{"desktop":{"background-color":"var(--ast-global-color-4)","background-image":"","background-repeat":"repeat","background-position":"center center","background-size":"auto","background-attachment":"scroll","background-type":"","background-media":"","overlay-type":"","overlay-color":"","overlay-opacity":"","overlay-gradient":""},"tablet":{"background-color":"","background-image":"","background-repeat":"repeat","background-position":"center center","background-size":"auto","background-attachment":"scroll","background-type":"","background-media":"","overlay-type":"","overlay-color":"","overlay-opacity":"","overlay-gradient":""},"mobile":{"background-color":"","background-image":"","background-repeat":"repeat","background-position":"center center","background-size":"auto","background-attachment":"scroll","background-type":"","background-media":"","overlay-type":"","overlay-color":"","overlay-opacity":"","overlay-gradient":""}},"ast-content-background-meta":{"desktop":{"background-color":"var(--ast-global-color-5)","background-image":"","background-repeat":"repeat","background-position":"center center","background-size":"auto","background-attachment":"scroll","background-type":"","background-media":"","overlay-type":"","overlay-color":"","overlay-opacity":"","overlay-gradient":""},"tablet":{"background-color":"var(--ast-global-color-5)","background-image":"","background-repeat":"repeat","background-position":"center center","background-size":"auto","background-attachment":"scroll","background-type":"","background-media":"","overlay-type":"","overlay-color":"","overlay-opacity":"","overlay-gradient":""},"mobile":{"background-color":"var(--ast-global-color-5)","background-image":"","background-repeat":"repeat","background-position":"center center","background-size":"auto","background-attachment":"scroll","background-type":"","background-media":"","overlay-type":"","overlay-color":"","overlay-opacity":"","overlay-gradient":""}},"footnotes":""},"class_list":["post-2796","page","type-page","status-publish","hentry"],"yoast_head":"<!-- This site is optimized with the Yoast SEO plugin v27.2 - https:\/\/yoast.com\/product\/yoast-seo-wordpress\/ -->\n<title>Tarvikkeet - Emmegi<\/title>\n<meta name=\"robots\" content=\"index, follow, max-snippet:-1, max-image-preview:large, max-video-preview:-1\" \/>\n<link rel=\"canonical\" href=\"https:\/\/emmeginordic.se\/tillbehor\/\" \/>\n<meta property=\"og:locale\" content=\"fi_FI\" \/>\n<meta property=\"og:type\" content=\"article\" \/>\n<meta property=\"og:title\" content=\"Tarvikkeet - Emmegi\" \/>\n<meta property=\"og:description\" content=\"EMMEGIll\u00e4 on laaja valikoima lis\u00e4varusteita j\u00e4\u00e4hdytysratkaisun optimoimiseksi: Proportionaaliset s\u00e4\u00e4timet S\u00e4\u00e4dett\u00e4v\u00e4t termostaatit Aikakytkin Termostaatit, joissa on kiinte\u00e4 l\u00e4mp\u00f6tilarele Termostaattiset venttiilit vett\u00e4 varten 3-suuntaisetl\u00e4mp\u00f6tilan s\u00e4\u00e4timet Yksityiskohtaisempia tuotetietoja on saatavilla t\u00e4\u00e4ll\u00e4! Lue lis\u00e4\u00e4 t\u00e4\u00e4lt\u00e4 Tarvikkeet Lataa pdf Etk\u00f6 ole varma, mitk\u00e4 lis\u00e4varusteet sopivat sovellukseesi? Ota meihin yhteytt\u00e4 osoitteessa\" \/>\n<meta property=\"og:url\" content=\"https:\/\/emmeginordic.se\/tillbehor\/\" \/>\n<meta property=\"og:site_name\" content=\"Emmegi\" \/>\n<meta property=\"article:modified_time\" content=\"2025-01-20T11:49:05+00:00\" \/>\n<meta property=\"og:image\" content=\"https:\/\/emmeginordic.se\/wp-content\/uploads\/2024\/10\/emmegi12.jpeg\" \/>\n\t<meta property=\"og:image:width\" content=\"1000\" \/>\n\t<meta property=\"og:image:height\" content=\"707\" \/>\n\t<meta property=\"og:image:type\" content=\"image\/jpeg\" \/>\n<meta name=\"twitter:card\" content=\"summary_large_image\" \/>\n<script type=\"application\/ld+json\" class=\"yoast-schema-graph\">{\"@context\":\"https:\/\/schema.org\",\"@graph\":[{\"@type\":\"WebPage\",\"@id\":\"https:\/\/emmeginordic.se\/tillbehor\/\",\"url\":\"https:\/\/emmeginordic.se\/tillbehor\/\",\"name\":\"Tarvikkeet - Emmegi\",\"isPartOf\":{\"@id\":\"https:\/\/emmegi.hemsida.eu\/#website\"},\"primaryImageOfPage\":{\"@id\":\"https:\/\/emmeginordic.se\/tillbehor\/#primaryimage\"},\"image\":{\"@id\":\"https:\/\/emmeginordic.se\/tillbehor\/#primaryimage\"},\"thumbnailUrl\":\"https:\/\/emmeginordic.se\/wp-content\/uploads\/2024\/10\/emmegi12.jpeg\",\"datePublished\":\"2024-10-14T07:42:16+00:00\",\"dateModified\":\"2025-01-20T11:49:05+00:00\",\"breadcrumb\":{\"@id\":\"https:\/\/emmeginordic.se\/tillbehor\/#breadcrumb\"},\"inLanguage\":\"fi\",\"potentialAction\":[{\"@type\":\"ReadAction\",\"target\":[\"https:\/\/emmeginordic.se\/tillbehor\/\"]}]},{\"@type\":\"ImageObject\",\"inLanguage\":\"fi\",\"@id\":\"https:\/\/emmeginordic.se\/tillbehor\/#primaryimage\",\"url\":\"https:\/\/emmeginordic.se\/wp-content\/uploads\/2024\/10\/emmegi12.jpeg\",\"contentUrl\":\"https:\/\/emmeginordic.se\/wp-content\/uploads\/2024\/10\/emmegi12.jpeg\"},{\"@type\":\"BreadcrumbList\",\"@id\":\"https:\/\/emmeginordic.se\/tillbehor\/#breadcrumb\",\"itemListElement\":[{\"@type\":\"ListItem\",\"position\":1,\"name\":\"Hem\",\"item\":\"https:\/\/emmeginordic.se\/fi\/etusivu\/\"},{\"@type\":\"ListItem\",\"position\":2,\"name\":\"Tarvikkeet\"}]},{\"@type\":\"WebSite\",\"@id\":\"https:\/\/emmegi.hemsida.eu\/#website\",\"url\":\"https:\/\/emmegi.hemsida.eu\/\",\"name\":\"Emmegi\",\"description\":\"Heat Exchangers\",\"publisher\":{\"@id\":\"https:\/\/emmegi.hemsida.eu\/#organization\"},\"potentialAction\":[{\"@type\":\"SearchAction\",\"target\":{\"@type\":\"EntryPoint\",\"urlTemplate\":\"https:\/\/emmegi.hemsida.eu\/?s={search_term_string}\"},\"query-input\":{\"@type\":\"PropertyValueSpecification\",\"valueRequired\":true,\"valueName\":\"search_term_string\"}}],\"inLanguage\":\"fi\"},{\"@type\":\"Organization\",\"@id\":\"https:\/\/emmegi.hemsida.eu\/#organization\",\"name\":\"Emmegi\",\"url\":\"https:\/\/emmegi.hemsida.eu\/\",\"logo\":{\"@type\":\"ImageObject\",\"inLanguage\":\"fi\",\"@id\":\"https:\/\/emmegi.hemsida.eu\/#\/schema\/logo\/image\/\",\"url\":\"https:\/\/emmeginordic.se\/wp-content\/uploads\/2024\/10\/emmegi-logo.svg\",\"contentUrl\":\"https:\/\/emmeginordic.se\/wp-content\/uploads\/2024\/10\/emmegi-logo.svg\",\"width\":201,\"height\":48,\"caption\":\"Emmegi\"},\"image\":{\"@id\":\"https:\/\/emmegi.hemsida.eu\/#\/schema\/logo\/image\/\"}}]}<\/script>\n<!-- \/ Yoast SEO plugin. -->","yoast_head_json":{"title":"Tarvikkeet - Emmegi","robots":{"index":"index","follow":"follow","max-snippet":"max-snippet:-1","max-image-preview":"max-image-preview:large","max-video-preview":"max-video-preview:-1"},"canonical":"https:\/\/emmeginordic.se\/tillbehor\/","og_locale":"fi_FI","og_type":"article","og_title":"Tarvikkeet - Emmegi","og_description":"EMMEGIll\u00e4 on laaja valikoima lis\u00e4varusteita j\u00e4\u00e4hdytysratkaisun optimoimiseksi: Proportionaaliset s\u00e4\u00e4timet S\u00e4\u00e4dett\u00e4v\u00e4t termostaatit Aikakytkin Termostaatit, joissa on kiinte\u00e4 l\u00e4mp\u00f6tilarele Termostaattiset venttiilit vett\u00e4 varten 3-suuntaisetl\u00e4mp\u00f6tilan s\u00e4\u00e4timet Yksityiskohtaisempia tuotetietoja on saatavilla t\u00e4\u00e4ll\u00e4! Lue lis\u00e4\u00e4 t\u00e4\u00e4lt\u00e4 Tarvikkeet Lataa pdf Etk\u00f6 ole varma, mitk\u00e4 lis\u00e4varusteet sopivat sovellukseesi? Ota meihin yhteytt\u00e4 osoitteessa","og_url":"https:\/\/emmeginordic.se\/tillbehor\/","og_site_name":"Emmegi","article_modified_time":"2025-01-20T11:49:05+00:00","og_image":[{"width":1000,"height":707,"url":"https:\/\/emmeginordic.se\/wp-content\/uploads\/2024\/10\/emmegi12.jpeg","type":"image\/jpeg"}],"twitter_card":"summary_large_image","schema":{"@context":"https:\/\/schema.org","@graph":[{"@type":"WebPage","@id":"https:\/\/emmeginordic.se\/tillbehor\/","url":"https:\/\/emmeginordic.se\/tillbehor\/","name":"Tarvikkeet - Emmegi","isPartOf":{"@id":"https:\/\/emmegi.hemsida.eu\/#website"},"primaryImageOfPage":{"@id":"https:\/\/emmeginordic.se\/tillbehor\/#primaryimage"},"image":{"@id":"https:\/\/emmeginordic.se\/tillbehor\/#primaryimage"},"thumbnailUrl":"https:\/\/emmeginordic.se\/wp-content\/uploads\/2024\/10\/emmegi12.jpeg","datePublished":"2024-10-14T07:42:16+00:00","dateModified":"2025-01-20T11:49:05+00:00","breadcrumb":{"@id":"https:\/\/emmeginordic.se\/tillbehor\/#breadcrumb"},"inLanguage":"fi","potentialAction":[{"@type":"ReadAction","target":["https:\/\/emmeginordic.se\/tillbehor\/"]}]},{"@type":"ImageObject","inLanguage":"fi","@id":"https:\/\/emmeginordic.se\/tillbehor\/#primaryimage","url":"https:\/\/emmeginordic.se\/wp-content\/uploads\/2024\/10\/emmegi12.jpeg","contentUrl":"https:\/\/emmeginordic.se\/wp-content\/uploads\/2024\/10\/emmegi12.jpeg"},{"@type":"BreadcrumbList","@id":"https:\/\/emmeginordic.se\/tillbehor\/#breadcrumb","itemListElement":[{"@type":"ListItem","position":1,"name":"Hem","item":"https:\/\/emmeginordic.se\/fi\/etusivu\/"},{"@type":"ListItem","position":2,"name":"Tarvikkeet"}]},{"@type":"WebSite","@id":"https:\/\/emmegi.hemsida.eu\/#website","url":"https:\/\/emmegi.hemsida.eu\/","name":"Emmegi","description":"Heat Exchangers","publisher":{"@id":"https:\/\/emmegi.hemsida.eu\/#organization"},"potentialAction":[{"@type":"SearchAction","target":{"@type":"EntryPoint","urlTemplate":"https:\/\/emmegi.hemsida.eu\/?s={search_term_string}"},"query-input":{"@type":"PropertyValueSpecification","valueRequired":true,"valueName":"search_term_string"}}],"inLanguage":"fi"},{"@type":"Organization","@id":"https:\/\/emmegi.hemsida.eu\/#organization","name":"Emmegi","url":"https:\/\/emmegi.hemsida.eu\/","logo":{"@type":"ImageObject","inLanguage":"fi","@id":"https:\/\/emmegi.hemsida.eu\/#\/schema\/logo\/image\/","url":"https:\/\/emmeginordic.se\/wp-content\/uploads\/2024\/10\/emmegi-logo.svg","contentUrl":"https:\/\/emmeginordic.se\/wp-content\/uploads\/2024\/10\/emmegi-logo.svg","width":201,"height":48,"caption":"Emmegi"},"image":{"@id":"https:\/\/emmegi.hemsida.eu\/#\/schema\/logo\/image\/"}}]}},"_links":{"self":[{"href":"https:\/\/emmeginordic.se\/fi\/wp-json\/wp\/v2\/pages\/2796","targetHints":{"allow":["GET"]}}],"collection":[{"href":"https:\/\/emmeginordic.se\/fi\/wp-json\/wp\/v2\/pages"}],"about":[{"href":"https:\/\/emmeginordic.se\/fi\/wp-json\/wp\/v2\/types\/page"}],"author":[{"embeddable":true,"href":"https:\/\/emmeginordic.se\/fi\/wp-json\/wp\/v2\/users\/1"}],"replies":[{"embeddable":true,"href":"https:\/\/emmeginordic.se\/fi\/wp-json\/wp\/v2\/comments?post=2796"}],"version-history":[{"count":5,"href":"https:\/\/emmeginordic.se\/fi\/wp-json\/wp\/v2\/pages\/2796\/revisions"}],"predecessor-version":[{"id":4128,"href":"https:\/\/emmeginordic.se\/fi\/wp-json\/wp\/v2\/pages\/2796\/revisions\/4128"}],"wp:attachment":[{"href":"https:\/\/emmeginordic.se\/fi\/wp-json\/wp\/v2\/media?parent=2796"}],"curies":[{"name":"wp","href":"https:\/\/api.w.org\/{rel}","templated":true}]}}