{"id":2792,"date":"2024-10-13T14:15:44","date_gmt":"2024-10-13T14:15:44","guid":{"rendered":"https:\/\/emmeginordic.se\/projektipohjaiset-lammonvaihtimet\/"},"modified":"2024-11-29T08:55:25","modified_gmt":"2024-11-29T08:55:25","slug":"projektipohjaiset-lammonvaihtimet","status":"publish","type":"page","link":"https:\/\/emmeginordic.se\/fi\/projektipohjaiset-lammonvaihtimet\/","title":{"rendered":"Hankekohtaiset j\u00e4\u00e4hdyttimet"},"content":{"rendered":"\t\t<div data-elementor-type=\"wp-page\" data-elementor-id=\"2792\" class=\"elementor elementor-2792 elementor-2458\" data-elementor-post-type=\"page\">\n\t\t\t\t<div class=\"elementor-element elementor-element-93263f3 e-flex e-con-boxed e-con e-parent\" data-id=\"93263f3\" data-element_type=\"container\" data-e-type=\"container\" data-settings=\"{&quot;background_background&quot;:&quot;classic&quot;}\">\n\t\t\t\t\t<div class=\"e-con-inner\">\n\t\t<div class=\"elementor-element elementor-element-6c32ff7 e-flex e-con-boxed e-con e-child\" data-id=\"6c32ff7\" data-element_type=\"container\" data-e-type=\"container\">\n\t\t\t\t\t<div class=\"e-con-inner\">\n\t\t\t\t\t<\/div>\n\t\t\t\t<\/div>\n\t\t\t\t\t<\/div>\n\t\t\t\t<\/div>\n\t\t<div class=\"elementor-element elementor-element-5a7e269 e-flex e-con-boxed e-con e-parent\" data-id=\"5a7e269\" data-element_type=\"container\" data-e-type=\"container\">\n\t\t\t\t\t<div class=\"e-con-inner\">\n\t\t\t\t<div class=\"elementor-element elementor-element-2496a2e elementor-widget-divider--view-line elementor-widget elementor-widget-divider\" data-id=\"2496a2e\" data-element_type=\"widget\" data-e-type=\"widget\" data-widget_type=\"divider.default\">\n\t\t\t\t\t\t\t<div class=\"elementor-divider\">\n\t\t\t<span class=\"elementor-divider-separator\">\n\t\t\t\t\t\t<\/span>\n\t\t<\/div>\n\t\t\t\t\t\t<\/div>\n\t\t\t\t<div class=\"elementor-element elementor-element-14001d4 elementor-widget__width-initial elementor-widget elementor-widget-text-editor\" data-id=\"14001d4\" data-element_type=\"widget\" data-e-type=\"widget\" data-widget_type=\"text-editor.default\">\n\t\t\t\t\t\t\t\t\t<div class=\"flex-shrink-0 flex flex-col relative items-end\">\n<div>\n<div class=\"pt-0\">\n<div class=\"gizmo-bot-avatar flex h-8 w-8 items-center justify-center overflow-hidden rounded-full\">\n<div class=\"relative p-1 rounded-sm flex items-center justify-center bg-token-main-surface-primary text-token-text-primary h-8 w-8\"><span style=\"font-size: 16px;\">EMMEGI on erikoistunut l\u00e4mm\u00f6nsiirtimien suunnitteluun asiakkaan vaatimusten mukaisesti. R\u00e4\u00e4t\u00e4l\u00f6ity projekti alkaa tiiviill\u00e4 yhteisty\u00f6ll\u00e4 asiakkaan teknisten osastojen kanssa, jossa analysoidaan ja ker\u00e4t\u00e4\u00e4n kaikki l\u00e4mm\u00f6nvaihtimen tiedot, mittavaatimukset ja m\u00e4\u00e4r\u00e4ykset. <\/span><\/div>\n<div> <\/div>\n<div><span style=\"font-size: 16px;\">Suunnitteluprosessi jatkuu r\u00e4\u00e4t\u00e4l\u00f6idyn tuotteen m\u00e4\u00e4rittelyll\u00e4, joka perustuu koneen suorituskykyyn ja tarvittaviin servoihin, ja p\u00e4\u00e4ttyy kilpailukykyisen tarjouksen tekemiseen.<\/span><\/div>\n<\/div>\n<\/div>\n<\/div>\n<\/div>\n<div class=\"group\/conversation-turn relative flex w-full min-w-0 flex-col agent-turn\">\n<div class=\"flex-col gap-1 md:gap-3\">\n<div class=\"flex max-w-full flex-col flex-grow\">\n<div class=\"min-h-8 text-message flex w-full flex-col items-end gap-2 whitespace-normal break-words [.text-message+&amp;]:mt-5\" dir=\"auto\" data-message-author-role=\"assistant\" data-message-id=\"ecd1ddb3-55d1-40d2-ba0b-ec96f8cd557c\" data-message-model-slug=\"gpt-4o\">\n<div class=\"flex w-full flex-col gap-1 empty:hidden first:pt-[3px]\">\n<div class=\"markdown prose w-full break-words dark:prose-invert light\">\n<p>Myyntiosasto, joka toimii tiiviiss\u00e4 yhteisty\u00f6ss\u00e4 EMMEGI:n kanssa.  <span style=\"font-size: 16px;\">Tekninen osasto on asiakkaan k\u00e4ytett\u00e4viss\u00e4 r\u00e4\u00e4t\u00e4l\u00f6idyn tuotteen suunnittelussa sek\u00e4 nesteiden j\u00e4\u00e4hdytykseen vaaditun suorituskyvyn ett\u00e4 tuotteen mittojen ja muotoilun osalta. N\u00e4m\u00e4 EMMEGI:n kokonaan hallinnoimat suunnittelu- ja tuotantotoiminnot takaavat nopeat ja kattavat vastaukset sek\u00e4 teknisten asiakirjojen toimittamisen, mink\u00e4 ansiosta asiakkaat voivat v\u00e4hent\u00e4\u00e4 seisokkiaikoja koneen suunnitteluvaiheessa ja minimoida ongelmat prototyyppien tuotantovaiheessa. <\/span><\/p>\n<\/div>\n<\/div>\n<\/div>\n<\/div>\n<\/div>\n<\/div>\n\t\t\t\t\t\t\t\t<\/div>\n\t\t\t\t\t<\/div>\n\t\t\t\t<\/div>\n\t\t<div class=\"elementor-element elementor-element-0b0c5c6 e-flex e-con-boxed e-con e-parent\" data-id=\"0b0c5c6\" data-element_type=\"container\" data-e-type=\"container\">\n\t\t\t\t\t<div class=\"e-con-inner\">\n\t\t<div class=\"elementor-element elementor-element-7b20d3d e-con-full e-flex e-con e-child\" data-id=\"7b20d3d\" data-element_type=\"container\" data-e-type=\"container\">\n\t\t\t\t<div class=\"elementor-element elementor-element-9659b6a elementor-widget__width-initial elementor-widget-mobile__width-initial elementor-widget elementor-widget-image\" data-id=\"9659b6a\" data-element_type=\"widget\" data-e-type=\"widget\" data-widget_type=\"image.default\">\n\t\t\t\t\t\t\t\t\t\t\t\t\t\t\t<img fetchpriority=\"high\" decoding=\"async\" width=\"1000\" height=\"800\" src=\"https:\/\/emmeginordic.se\/wp-content\/uploads\/2024\/10\/emmegi11.jpeg\" class=\"attachment-large size-large wp-image-2695\" alt=\"Projektbaserade kylare\" srcset=\"https:\/\/emmeginordic.se\/wp-content\/uploads\/2024\/10\/emmegi11.jpeg 1000w, https:\/\/emmeginordic.se\/wp-content\/uploads\/2024\/10\/emmegi11-300x240.jpeg 300w, https:\/\/emmeginordic.se\/wp-content\/uploads\/2024\/10\/emmegi11-768x614.jpeg 768w\" sizes=\"(max-width: 1000px) 100vw, 1000px\" \/>\t\t\t\t\t\t\t\t\t\t\t\t\t\t\t<\/div>\n\t\t\t\t<\/div>\n\t\t<div class=\"elementor-element elementor-element-b2481cf e-con-full e-flex e-con e-child\" data-id=\"b2481cf\" data-element_type=\"container\" data-e-type=\"container\" data-settings=\"{&quot;background_background&quot;:&quot;classic&quot;}\">\n\t\t\t\t<div class=\"elementor-element elementor-element-c3109c7 elementor-widget elementor-widget-heading\" data-id=\"c3109c7\" data-element_type=\"widget\" data-e-type=\"widget\" data-widget_type=\"heading.default\">\n\t\t\t\t\t<h2 class=\"elementor-heading-title elementor-size-default\">Lue lis\u00e4\u00e4 malleistamme t\u00e4\u00e4lt\u00e4!<\/h2>\t\t\t\t<\/div>\n\t\t\t\t<div class=\"elementor-element elementor-element-b20ccbb elementor-widget elementor-widget-text-editor\" data-id=\"b20ccbb\" data-element_type=\"widget\" data-e-type=\"widget\" data-widget_type=\"text-editor.default\">\n\t\t\t\t\t\t\t\t\t<p>Klikkaa alla olevaa painiketta siirty\u00e4ksesi sivulle, jossa on yksityiskohtaisempia tuotetietoja.<\/p>\n\t\t\t\t\t\t\t\t<\/div>\n\t\t\t\t<div class=\"elementor-element elementor-element-2d38a1f elementor-widget elementor-widget-button\" data-id=\"2d38a1f\" data-element_type=\"widget\" data-e-type=\"widget\" data-widget_type=\"button.default\">\n\t\t\t\t\t\t\t\t\t\t<a class=\"elementor-button elementor-button-link elementor-size-sm\" href=\"https:\/\/it.emmegi.group\/en\/products\/project-based-heat-exchangers\/\">\n\t\t\t\t\t\t<span class=\"elementor-button-content-wrapper\">\n\t\t\t\t\t\t\t\t\t<span class=\"elementor-button-text\">Lue lis\u00e4\u00e4 t\u00e4\u00e4lt\u00e4<\/span>\n\t\t\t\t\t<\/span>\n\t\t\t\t\t<\/a>\n\t\t\t\t\t\t\t\t<\/div>\n\t\t\t\t<\/div>\n\t\t\t\t\t<\/div>\n\t\t\t\t<\/div>\n\t\t<div class=\"elementor-element elementor-element-2341825 e-flex e-con-boxed e-con e-parent\" data-id=\"2341825\" data-element_type=\"container\" data-e-type=\"container\" data-settings=\"{&quot;background_background&quot;:&quot;classic&quot;}\">\n\t\t\t\t\t<div class=\"e-con-inner\">\n\t\t<div class=\"elementor-element elementor-element-9826fa6 e-con-full e-flex e-con e-child\" data-id=\"9826fa6\" data-element_type=\"container\" data-e-type=\"container\">\n\t\t\t\t<div class=\"elementor-element elementor-element-23ba714 elementor-widget elementor-widget-heading\" data-id=\"23ba714\" data-element_type=\"widget\" data-e-type=\"widget\" data-widget_type=\"heading.default\">\n\t\t\t\t\t<h2 class=\"elementor-heading-title elementor-size-default\">Haluatko oppia lis\u00e4\u00e4 projektipohjaisista l\u00e4mm\u00f6nvaihtimistamme?<\/h2>\t\t\t\t<\/div>\n\t\t\t\t<div class=\"elementor-element elementor-element-d49cec9 elementor-widget elementor-widget-button\" data-id=\"d49cec9\" data-element_type=\"widget\" data-e-type=\"widget\" data-widget_type=\"button.default\">\n\t\t\t\t\t\t\t\t\t\t<a class=\"elementor-button elementor-button-link elementor-size-sm\" href=\"https:\/\/it.emmegi.group\/en\/products\/air-oil-exchangers\/\">\n\t\t\t\t\t\t<span class=\"elementor-button-content-wrapper\">\n\t\t\t\t\t\t\t\t\t<span class=\"elementor-button-text\">Lue lis\u00e4\u00e4 t\u00e4\u00e4lt\u00e4<\/span>\n\t\t\t\t\t<\/span>\n\t\t\t\t\t<\/a>\n\t\t\t\t\t\t\t\t<\/div>\n\t\t\t\t<\/div>\n\t\t\t\t\t<\/div>\n\t\t\t\t<\/div>\n\t\t\t\t<\/div>\n\t\t","protected":false},"excerpt":{"rendered":"<p>EMMEGI on erikoistunut l\u00e4mm\u00f6nsiirtimien suunnitteluun asiakkaan vaatimusten mukaisesti. R\u00e4\u00e4t\u00e4l\u00f6ity projekti alkaa tiiviill\u00e4 yhteisty\u00f6ll\u00e4 asiakkaan teknisten osastojen kanssa, jossa analysoidaan ja ker\u00e4t\u00e4\u00e4n kaikki l\u00e4mm\u00f6nvaihtimen tiedot, mittavaatimukset ja m\u00e4\u00e4r\u00e4ykset. Suunnitteluprosessi jatkuu r\u00e4\u00e4t\u00e4l\u00f6idyn tuotteen m\u00e4\u00e4rittelyll\u00e4, joka perustuu koneen suorituskykyyn ja tarvittaviin servoihin, ja p\u00e4\u00e4ttyy kilpailukykyisen tarjouksen tekemiseen. Myyntiosasto, joka toimii tiiviiss\u00e4 yhteisty\u00f6ss\u00e4 EMMEGI:n kanssa. Tekninen osasto on asiakkaan [&hellip;]<\/p>\n","protected":false},"author":1,"featured_media":0,"parent":0,"menu_order":0,"comment_status":"closed","ping_status":"closed","template":"","meta":{"site-sidebar-layout":"no-sidebar","site-content-layout":"page-builder","ast-site-content-layout":"full-width-container","site-content-style":"unboxed","site-sidebar-style":"unboxed","ast-global-header-display":"","ast-banner-title-visibility":"","ast-main-header-display":"","ast-hfb-above-header-display":"","ast-hfb-below-header-display":"","ast-hfb-mobile-header-display":"","site-post-title":"disabled","ast-breadcrumbs-content":"","ast-featured-img":"disabled","footer-sml-layout":"","ast-disable-related-posts":"","theme-transparent-header-meta":"enabled","adv-header-id-meta":"","stick-header-meta":"","header-above-stick-meta":"","header-main-stick-meta":"","header-below-stick-meta":"","astra-migrate-meta-layouts":"set","ast-page-background-enabled":"default","ast-page-background-meta":{"desktop":{"background-color":"var(--ast-global-color-4)","background-image":"","background-repeat":"repeat","background-position":"center center","background-size":"auto","background-attachment":"scroll","background-type":"","background-media":"","overlay-type":"","overlay-color":"","overlay-opacity":"","overlay-gradient":""},"tablet":{"background-color":"","background-image":"","background-repeat":"repeat","background-position":"center center","background-size":"auto","background-attachment":"scroll","background-type":"","background-media":"","overlay-type":"","overlay-color":"","overlay-opacity":"","overlay-gradient":""},"mobile":{"background-color":"","background-image":"","background-repeat":"repeat","background-position":"center center","background-size":"auto","background-attachment":"scroll","background-type":"","background-media":"","overlay-type":"","overlay-color":"","overlay-opacity":"","overlay-gradient":""}},"ast-content-background-meta":{"desktop":{"background-color":"var(--ast-global-color-5)","background-image":"","background-repeat":"repeat","background-position":"center center","background-size":"auto","background-attachment":"scroll","background-type":"","background-media":"","overlay-type":"","overlay-color":"","overlay-opacity":"","overlay-gradient":""},"tablet":{"background-color":"var(--ast-global-color-5)","background-image":"","background-repeat":"repeat","background-position":"center center","background-size":"auto","background-attachment":"scroll","background-type":"","background-media":"","overlay-type":"","overlay-color":"","overlay-opacity":"","overlay-gradient":""},"mobile":{"background-color":"var(--ast-global-color-5)","background-image":"","background-repeat":"repeat","background-position":"center center","background-size":"auto","background-attachment":"scroll","background-type":"","background-media":"","overlay-type":"","overlay-color":"","overlay-opacity":"","overlay-gradient":""}},"footnotes":""},"class_list":["post-2792","page","type-page","status-publish","hentry"],"yoast_head":"<!-- This site is optimized with the Yoast SEO plugin v27.2 - https:\/\/yoast.com\/product\/yoast-seo-wordpress\/ -->\n<title>Hankekohtaiset j\u00e4\u00e4hdyttimet - Emmegi<\/title>\n<meta name=\"robots\" content=\"index, follow, max-snippet:-1, max-image-preview:large, max-video-preview:-1\" \/>\n<link rel=\"canonical\" href=\"https:\/\/emmeginordic.se\/fi\/projektipohjaiset-lammonvaihtimet\/\" \/>\n<meta property=\"og:locale\" content=\"fi_FI\" \/>\n<meta property=\"og:type\" content=\"article\" \/>\n<meta property=\"og:title\" content=\"Hankekohtaiset j\u00e4\u00e4hdyttimet - Emmegi\" \/>\n<meta property=\"og:description\" content=\"EMMEGI on erikoistunut l\u00e4mm\u00f6nsiirtimien suunnitteluun asiakkaan vaatimusten mukaisesti. R\u00e4\u00e4t\u00e4l\u00f6ity projekti alkaa tiiviill\u00e4 yhteisty\u00f6ll\u00e4 asiakkaan teknisten osastojen kanssa, jossa analysoidaan ja ker\u00e4t\u00e4\u00e4n kaikki l\u00e4mm\u00f6nvaihtimen tiedot, mittavaatimukset ja m\u00e4\u00e4r\u00e4ykset. Suunnitteluprosessi jatkuu r\u00e4\u00e4t\u00e4l\u00f6idyn tuotteen m\u00e4\u00e4rittelyll\u00e4, joka perustuu koneen suorituskykyyn ja tarvittaviin servoihin, ja p\u00e4\u00e4ttyy kilpailukykyisen tarjouksen tekemiseen. Myyntiosasto, joka toimii tiiviiss\u00e4 yhteisty\u00f6ss\u00e4 EMMEGI:n kanssa. Tekninen osasto on asiakkaan [&hellip;]\" \/>\n<meta property=\"og:url\" content=\"https:\/\/emmeginordic.se\/fi\/projektipohjaiset-lammonvaihtimet\/\" \/>\n<meta property=\"og:site_name\" content=\"Emmegi\" \/>\n<meta property=\"article:modified_time\" content=\"2024-11-29T08:55:25+00:00\" \/>\n<meta property=\"og:image\" content=\"https:\/\/emmeginordic.se\/wp-content\/uploads\/2024\/10\/emmegi11.jpeg\" \/>\n<meta name=\"twitter:card\" content=\"summary_large_image\" \/>\n<script type=\"application\/ld+json\" class=\"yoast-schema-graph\">{\"@context\":\"https:\/\/schema.org\",\"@graph\":[{\"@type\":\"WebPage\",\"@id\":\"https:\/\/emmeginordic.se\/fi\/projektipohjaiset-lammonvaihtimet\/\",\"url\":\"https:\/\/emmeginordic.se\/fi\/projektipohjaiset-lammonvaihtimet\/\",\"name\":\"Hankekohtaiset j\u00e4\u00e4hdyttimet - Emmegi\",\"isPartOf\":{\"@id\":\"https:\/\/emmegi.hemsida.eu\/#website\"},\"primaryImageOfPage\":{\"@id\":\"https:\/\/emmeginordic.se\/fi\/projektipohjaiset-lammonvaihtimet\/#primaryimage\"},\"image\":{\"@id\":\"https:\/\/emmeginordic.se\/fi\/projektipohjaiset-lammonvaihtimet\/#primaryimage\"},\"thumbnailUrl\":\"https:\/\/emmeginordic.se\/wp-content\/uploads\/2024\/10\/emmegi11.jpeg\",\"datePublished\":\"2024-10-13T14:15:44+00:00\",\"dateModified\":\"2024-11-29T08:55:25+00:00\",\"breadcrumb\":{\"@id\":\"https:\/\/emmeginordic.se\/fi\/projektipohjaiset-lammonvaihtimet\/#breadcrumb\"},\"inLanguage\":\"fi\",\"potentialAction\":[{\"@type\":\"ReadAction\",\"target\":[\"https:\/\/emmeginordic.se\/fi\/projektipohjaiset-lammonvaihtimet\/\"]}]},{\"@type\":\"ImageObject\",\"inLanguage\":\"fi\",\"@id\":\"https:\/\/emmeginordic.se\/fi\/projektipohjaiset-lammonvaihtimet\/#primaryimage\",\"url\":\"https:\/\/emmeginordic.se\/wp-content\/uploads\/2024\/10\/emmegi11.jpeg\",\"contentUrl\":\"https:\/\/emmeginordic.se\/wp-content\/uploads\/2024\/10\/emmegi11.jpeg\"},{\"@type\":\"BreadcrumbList\",\"@id\":\"https:\/\/emmeginordic.se\/fi\/projektipohjaiset-lammonvaihtimet\/#breadcrumb\",\"itemListElement\":[{\"@type\":\"ListItem\",\"position\":1,\"name\":\"Hem\",\"item\":\"https:\/\/emmeginordic.se\/fi\/etusivu\/\"},{\"@type\":\"ListItem\",\"position\":2,\"name\":\"Hankekohtaiset j\u00e4\u00e4hdyttimet\"}]},{\"@type\":\"WebSite\",\"@id\":\"https:\/\/emmegi.hemsida.eu\/#website\",\"url\":\"https:\/\/emmegi.hemsida.eu\/\",\"name\":\"Emmegi\",\"description\":\"Heat Exchangers\",\"publisher\":{\"@id\":\"https:\/\/emmegi.hemsida.eu\/#organization\"},\"potentialAction\":[{\"@type\":\"SearchAction\",\"target\":{\"@type\":\"EntryPoint\",\"urlTemplate\":\"https:\/\/emmegi.hemsida.eu\/?s={search_term_string}\"},\"query-input\":{\"@type\":\"PropertyValueSpecification\",\"valueRequired\":true,\"valueName\":\"search_term_string\"}}],\"inLanguage\":\"fi\"},{\"@type\":\"Organization\",\"@id\":\"https:\/\/emmegi.hemsida.eu\/#organization\",\"name\":\"Emmegi\",\"url\":\"https:\/\/emmegi.hemsida.eu\/\",\"logo\":{\"@type\":\"ImageObject\",\"inLanguage\":\"fi\",\"@id\":\"https:\/\/emmegi.hemsida.eu\/#\/schema\/logo\/image\/\",\"url\":\"https:\/\/emmeginordic.se\/wp-content\/uploads\/2024\/10\/emmegi-logo.svg\",\"contentUrl\":\"https:\/\/emmeginordic.se\/wp-content\/uploads\/2024\/10\/emmegi-logo.svg\",\"width\":201,\"height\":48,\"caption\":\"Emmegi\"},\"image\":{\"@id\":\"https:\/\/emmegi.hemsida.eu\/#\/schema\/logo\/image\/\"}}]}<\/script>\n<!-- \/ Yoast SEO plugin. -->","yoast_head_json":{"title":"Hankekohtaiset j\u00e4\u00e4hdyttimet - Emmegi","robots":{"index":"index","follow":"follow","max-snippet":"max-snippet:-1","max-image-preview":"max-image-preview:large","max-video-preview":"max-video-preview:-1"},"canonical":"https:\/\/emmeginordic.se\/fi\/projektipohjaiset-lammonvaihtimet\/","og_locale":"fi_FI","og_type":"article","og_title":"Hankekohtaiset j\u00e4\u00e4hdyttimet - Emmegi","og_description":"EMMEGI on erikoistunut l\u00e4mm\u00f6nsiirtimien suunnitteluun asiakkaan vaatimusten mukaisesti. R\u00e4\u00e4t\u00e4l\u00f6ity projekti alkaa tiiviill\u00e4 yhteisty\u00f6ll\u00e4 asiakkaan teknisten osastojen kanssa, jossa analysoidaan ja ker\u00e4t\u00e4\u00e4n kaikki l\u00e4mm\u00f6nvaihtimen tiedot, mittavaatimukset ja m\u00e4\u00e4r\u00e4ykset. Suunnitteluprosessi jatkuu r\u00e4\u00e4t\u00e4l\u00f6idyn tuotteen m\u00e4\u00e4rittelyll\u00e4, joka perustuu koneen suorituskykyyn ja tarvittaviin servoihin, ja p\u00e4\u00e4ttyy kilpailukykyisen tarjouksen tekemiseen. Myyntiosasto, joka toimii tiiviiss\u00e4 yhteisty\u00f6ss\u00e4 EMMEGI:n kanssa. Tekninen osasto on asiakkaan [&hellip;]","og_url":"https:\/\/emmeginordic.se\/fi\/projektipohjaiset-lammonvaihtimet\/","og_site_name":"Emmegi","article_modified_time":"2024-11-29T08:55:25+00:00","og_image":[{"url":"https:\/\/emmeginordic.se\/wp-content\/uploads\/2024\/10\/emmegi11.jpeg","type":"","width":"","height":""}],"twitter_card":"summary_large_image","schema":{"@context":"https:\/\/schema.org","@graph":[{"@type":"WebPage","@id":"https:\/\/emmeginordic.se\/fi\/projektipohjaiset-lammonvaihtimet\/","url":"https:\/\/emmeginordic.se\/fi\/projektipohjaiset-lammonvaihtimet\/","name":"Hankekohtaiset j\u00e4\u00e4hdyttimet - Emmegi","isPartOf":{"@id":"https:\/\/emmegi.hemsida.eu\/#website"},"primaryImageOfPage":{"@id":"https:\/\/emmeginordic.se\/fi\/projektipohjaiset-lammonvaihtimet\/#primaryimage"},"image":{"@id":"https:\/\/emmeginordic.se\/fi\/projektipohjaiset-lammonvaihtimet\/#primaryimage"},"thumbnailUrl":"https:\/\/emmeginordic.se\/wp-content\/uploads\/2024\/10\/emmegi11.jpeg","datePublished":"2024-10-13T14:15:44+00:00","dateModified":"2024-11-29T08:55:25+00:00","breadcrumb":{"@id":"https:\/\/emmeginordic.se\/fi\/projektipohjaiset-lammonvaihtimet\/#breadcrumb"},"inLanguage":"fi","potentialAction":[{"@type":"ReadAction","target":["https:\/\/emmeginordic.se\/fi\/projektipohjaiset-lammonvaihtimet\/"]}]},{"@type":"ImageObject","inLanguage":"fi","@id":"https:\/\/emmeginordic.se\/fi\/projektipohjaiset-lammonvaihtimet\/#primaryimage","url":"https:\/\/emmeginordic.se\/wp-content\/uploads\/2024\/10\/emmegi11.jpeg","contentUrl":"https:\/\/emmeginordic.se\/wp-content\/uploads\/2024\/10\/emmegi11.jpeg"},{"@type":"BreadcrumbList","@id":"https:\/\/emmeginordic.se\/fi\/projektipohjaiset-lammonvaihtimet\/#breadcrumb","itemListElement":[{"@type":"ListItem","position":1,"name":"Hem","item":"https:\/\/emmeginordic.se\/fi\/etusivu\/"},{"@type":"ListItem","position":2,"name":"Hankekohtaiset j\u00e4\u00e4hdyttimet"}]},{"@type":"WebSite","@id":"https:\/\/emmegi.hemsida.eu\/#website","url":"https:\/\/emmegi.hemsida.eu\/","name":"Emmegi","description":"Heat Exchangers","publisher":{"@id":"https:\/\/emmegi.hemsida.eu\/#organization"},"potentialAction":[{"@type":"SearchAction","target":{"@type":"EntryPoint","urlTemplate":"https:\/\/emmegi.hemsida.eu\/?s={search_term_string}"},"query-input":{"@type":"PropertyValueSpecification","valueRequired":true,"valueName":"search_term_string"}}],"inLanguage":"fi"},{"@type":"Organization","@id":"https:\/\/emmegi.hemsida.eu\/#organization","name":"Emmegi","url":"https:\/\/emmegi.hemsida.eu\/","logo":{"@type":"ImageObject","inLanguage":"fi","@id":"https:\/\/emmegi.hemsida.eu\/#\/schema\/logo\/image\/","url":"https:\/\/emmeginordic.se\/wp-content\/uploads\/2024\/10\/emmegi-logo.svg","contentUrl":"https:\/\/emmeginordic.se\/wp-content\/uploads\/2024\/10\/emmegi-logo.svg","width":201,"height":48,"caption":"Emmegi"},"image":{"@id":"https:\/\/emmegi.hemsida.eu\/#\/schema\/logo\/image\/"}}]}},"_links":{"self":[{"href":"https:\/\/emmeginordic.se\/fi\/wp-json\/wp\/v2\/pages\/2792","targetHints":{"allow":["GET"]}}],"collection":[{"href":"https:\/\/emmeginordic.se\/fi\/wp-json\/wp\/v2\/pages"}],"about":[{"href":"https:\/\/emmeginordic.se\/fi\/wp-json\/wp\/v2\/types\/page"}],"author":[{"embeddable":true,"href":"https:\/\/emmeginordic.se\/fi\/wp-json\/wp\/v2\/users\/1"}],"replies":[{"embeddable":true,"href":"https:\/\/emmeginordic.se\/fi\/wp-json\/wp\/v2\/comments?post=2792"}],"version-history":[{"count":8,"href":"https:\/\/emmeginordic.se\/fi\/wp-json\/wp\/v2\/pages\/2792\/revisions"}],"predecessor-version":[{"id":3979,"href":"https:\/\/emmeginordic.se\/fi\/wp-json\/wp\/v2\/pages\/2792\/revisions\/3979"}],"wp:attachment":[{"href":"https:\/\/emmeginordic.se\/fi\/wp-json\/wp\/v2\/media?parent=2792"}],"curies":[{"name":"wp","href":"https:\/\/api.w.org\/{rel}","templated":true}]}}