{"id":2773,"date":"2024-10-11T09:26:11","date_gmt":"2024-10-11T09:26:11","guid":{"rendered":"https:\/\/emmeginordic.se\/vesi-oljynvaihdin\/"},"modified":"2024-11-22T12:30:06","modified_gmt":"2024-11-22T12:30:06","slug":"vesi-oljynvaihdin","status":"publish","type":"page","link":"https:\/\/emmeginordic.se\/fi\/vesi-oljynvaihdin\/","title":{"rendered":"Putki\u00f6ljynj\u00e4\u00e4hdytin"},"content":{"rendered":"\t\t<div data-elementor-type=\"wp-page\" data-elementor-id=\"2773\" class=\"elementor elementor-2773 elementor-2275\" data-elementor-post-type=\"page\">\n\t\t\t\t<div class=\"elementor-element elementor-element-93263f3 e-flex e-con-boxed e-con e-parent\" data-id=\"93263f3\" data-element_type=\"container\" data-e-type=\"container\" data-settings=\"{&quot;background_background&quot;:&quot;classic&quot;}\">\n\t\t\t\t\t<div class=\"e-con-inner\">\n\t\t<div class=\"elementor-element elementor-element-6c32ff7 e-flex e-con-boxed e-con e-child\" data-id=\"6c32ff7\" data-element_type=\"container\" data-e-type=\"container\">\n\t\t\t\t\t<div class=\"e-con-inner\">\n\t\t\t\t<div class=\"elementor-element elementor-element-888fcee elementor-widget elementor-widget-heading\" data-id=\"888fcee\" data-element_type=\"widget\" data-e-type=\"widget\" data-widget_type=\"heading.default\">\n\t\t\t\t\t<h1 class=\"elementor-heading-title elementor-size-default\">EMMEGI Putki\u00f6ljynj\u00e4\u00e4hdytin<\/h1>\t\t\t\t<\/div>\n\t\t\t\t\t<\/div>\n\t\t\t\t<\/div>\n\t\t\t\t\t<\/div>\n\t\t\t\t<\/div>\n\t\t<div class=\"elementor-element elementor-element-5a7e269 e-flex e-con-boxed e-con e-parent\" data-id=\"5a7e269\" data-element_type=\"container\" data-e-type=\"container\">\n\t\t\t\t\t<div class=\"e-con-inner\">\n\t\t\t\t<div class=\"elementor-element elementor-element-2496a2e elementor-widget-divider--view-line elementor-widget elementor-widget-divider\" data-id=\"2496a2e\" data-element_type=\"widget\" data-e-type=\"widget\" data-widget_type=\"divider.default\">\n\t\t\t\t\t\t\t<div class=\"elementor-divider\">\n\t\t\t<span class=\"elementor-divider-separator\">\n\t\t\t\t\t\t<\/span>\n\t\t<\/div>\n\t\t\t\t\t\t<\/div>\n\t\t\t\t<div class=\"elementor-element elementor-element-14001d4 elementor-widget__width-initial elementor-widget elementor-widget-text-editor\" data-id=\"14001d4\" data-element_type=\"widget\" data-e-type=\"widget\" data-widget_type=\"text-editor.default\">\n\t\t\t\t\t\t\t\t\t<div class=\"page\" title=\"Sivu 1\">\n<div class=\"section\">\n<div class=\"layoutArea\">\n<div class=\"column\">\n<p>Putki\u00f6ljynj\u00e4\u00e4hdyttimemme on suunniteltu tarjoamaan ylivoimaista j\u00e4\u00e4hdytyst\u00e4 vaativissa teollisissa sovelluksissa. Valikoimamme   <span style=\"font-size: 16px;\">sis\u00e4lt\u00e4\u00e4 laajan valikoiman korkean hy\u00f6tysuhteen malleja. Rakenne on kompakti ja kest\u00e4v\u00e4, joten se on helppo integroida osaksi   <\/span><span style=\"font-size: 16px;\">eri j\u00e4rjestelmi\u00e4 suorituskyvyst\u00e4 tinkim\u00e4tt\u00e4.<\/span><\/p>\n<div class=\"page\" title=\"Sivu 1\">\n<div class=\"section\">\n<div class=\"layoutArea\">\n<div class=\"column\">\n<p>EMMEGIn putki\u00f6ljynj\u00e4\u00e4hdyttimet on suunniteltu kest\u00e4m\u00e4\u00e4n korkeita paineita ja l\u00e4mp\u00f6tiloja &#8211; <span style=\"font-size: 16px;\">ihanteellisia eri teollisuudenaloille, kuten energia-, teollisuus- ja merenkulkualan sovelluksiin. <\/span> <\/p>\n<\/div>\n<\/div>\n<\/div>\n<\/div>\n<\/div>\n<\/div>\n<\/div>\n<\/div>\n\t\t\t\t\t\t\t\t<\/div>\n\t\t\t\t<div class=\"elementor-element elementor-element-ceddb1c elementor-widget__width-initial elementor-widget elementor-widget-text-editor\" data-id=\"ceddb1c\" data-element_type=\"widget\" data-e-type=\"widget\" data-widget_type=\"text-editor.default\">\n\t\t\t\t\t\t\t\t\t<div class=\"page\" title=\"Sivu 1\">\n<div class=\"section\">\n<div class=\"layoutArea\">\n<div class=\"column\">\n<p>Putki\u00f6ljynj\u00e4\u00e4hdyttimi\u00e4 k\u00e4ytet\u00e4\u00e4n hydraulipiirien j\u00e4\u00e4hdytt\u00e4miseen, ja ne asennetaan yleens\u00e4 paluulinjoihin. K\u00e4ytt\u00e4m\u00e4ll\u00e4 <span style=\"\">j\u00e4\u00e4hdytystekniikkaa, jossa \u00f6ljy johdetaan putkij\u00e4rjestelm\u00e4n l\u00e4pi ja l\u00e4mp\u00f6 haihdutetaan nesteen tai ilman avulla, meid\u00e4n <\/span>  <span style=\"font-size: 16px;\">putki\u00f6ljynj\u00e4\u00e4hdyttimet mahdollistavat vakaan ja luotettavan l\u00e4mp\u00f6tilan s\u00e4\u00e4d\u00f6n hydraulij\u00e4rjestelmiss\u00e4 ja muissa l\u00e4mp\u00f6herkiss\u00e4 prosesseissa. Valikoima   <\/span><span style=\"font-size: 16px;\">Korkealaatuiset materiaalit ja erityisesti suunnitellut pintak\u00e4sittelyt, jotka on k\u00e4sitelty tarkkuustekniikalla, johtavat eritt\u00e4in korkealuokkaiseen <\/span><span style=\"font-size: 16px;\">tehokas ja luotettava tuote. <\/span><span style=\"font-size: 16px;\">J\u00e4\u00e4hdyttimet <\/span><span style=\"font-size: 16px;\">on vesikierto, joka koostuu 1, 2 tai 4 j\u00e4\u00e4hdyttimen l\u00e4pi kulkevasta kanavasta, ja ne voivat olla my\u00f6s <\/span><span style=\"font-size: 16px;\">helposti varustaa termostaattiventtiilill\u00e4, mik\u00e4 mahdollistaa merkitt\u00e4v\u00e4t s\u00e4\u00e4st\u00f6t vedenkulutuksessa.<\/span><\/p>\n<\/div>\n<\/div>\n<\/div>\n<\/div>\n\t\t\t\t\t\t\t\t<\/div>\n\t\t\t\t\t<\/div>\n\t\t\t\t<\/div>\n\t\t<div class=\"elementor-element elementor-element-0b0c5c6 e-flex e-con-boxed e-con e-parent\" data-id=\"0b0c5c6\" data-element_type=\"container\" data-e-type=\"container\">\n\t\t\t\t\t<div class=\"e-con-inner\">\n\t\t<div class=\"elementor-element elementor-element-7b20d3d e-con-full e-flex e-con e-child\" data-id=\"7b20d3d\" data-element_type=\"container\" data-e-type=\"container\">\n\t\t\t\t<div class=\"elementor-element elementor-element-9659b6a elementor-widget__width-initial elementor-widget-mobile__width-initial elementor-widget elementor-widget-image\" data-id=\"9659b6a\" data-element_type=\"widget\" data-e-type=\"widget\" data-widget_type=\"image.default\">\n\t\t\t\t\t\t\t\t\t\t\t\t\t\t\t<img fetchpriority=\"high\" decoding=\"async\" width=\"1000\" height=\"666\" src=\"https:\/\/emmeginordic.se\/wp-content\/uploads\/2024\/10\/emmegi5.jpeg\" class=\"attachment-large size-large wp-image-2677\" alt=\"Tuboljekylare\" srcset=\"https:\/\/emmeginordic.se\/wp-content\/uploads\/2024\/10\/emmegi5.jpeg 1000w, https:\/\/emmeginordic.se\/wp-content\/uploads\/2024\/10\/emmegi5-300x200.jpeg 300w, https:\/\/emmeginordic.se\/wp-content\/uploads\/2024\/10\/emmegi5-768x511.jpeg 768w\" sizes=\"(max-width: 1000px) 100vw, 1000px\" \/>\t\t\t\t\t\t\t\t\t\t\t\t\t\t\t<\/div>\n\t\t\t\t<\/div>\n\t\t<div class=\"elementor-element elementor-element-b2481cf e-con-full e-flex e-con e-child\" data-id=\"b2481cf\" data-element_type=\"container\" data-e-type=\"container\" data-settings=\"{&quot;background_background&quot;:&quot;classic&quot;}\">\n\t\t\t\t<div class=\"elementor-element elementor-element-c3109c7 elementor-widget elementor-widget-heading\" data-id=\"c3109c7\" data-element_type=\"widget\" data-e-type=\"widget\" data-widget_type=\"heading.default\">\n\t\t\t\t\t<h2 class=\"elementor-heading-title elementor-size-default\"> \n Tarkemmat tuotetiedot l\u00f6yd\u00e4t osoitteesta !<\/h2>\t\t\t\t<\/div>\n\t\t\t\t<div class=\"elementor-element elementor-element-2d38a1f elementor-widget elementor-widget-button\" data-id=\"2d38a1f\" data-element_type=\"widget\" data-e-type=\"widget\" data-widget_type=\"button.default\">\n\t\t\t\t\t\t\t\t\t\t<a class=\"elementor-button elementor-button-link elementor-size-sm\" href=\"https:\/\/it.emmegi.group\/en\/products\/water-oil-exchangers\/\">\n\t\t\t\t\t\t<span class=\"elementor-button-content-wrapper\">\n\t\t\t\t\t\t\t\t\t<span class=\"elementor-button-text\">Lue lis\u00e4\u00e4 t\u00e4\u00e4lt\u00e4<\/span>\n\t\t\t\t\t<\/span>\n\t\t\t\t\t<\/a>\n\t\t\t\t\t\t\t\t<\/div>\n\t\t\t\t<\/div>\n\t\t\t\t\t<\/div>\n\t\t\t\t<\/div>\n\t\t<div class=\"elementor-element elementor-element-ab4a17d e-flex e-con-boxed e-con e-parent\" data-id=\"ab4a17d\" data-element_type=\"container\" data-e-type=\"container\">\n\t\t\t\t\t<div class=\"e-con-inner\">\n\t\t\t\t<div class=\"elementor-element elementor-element-05a3c56 elementor-widget-divider--view-line elementor-widget elementor-widget-divider\" data-id=\"05a3c56\" data-element_type=\"widget\" data-e-type=\"widget\" data-widget_type=\"divider.default\">\n\t\t\t\t\t\t\t<div class=\"elementor-divider\">\n\t\t\t<span class=\"elementor-divider-separator\">\n\t\t\t\t\t\t<\/span>\n\t\t<\/div>\n\t\t\t\t\t\t<\/div>\n\t\t\t\t<div class=\"elementor-element elementor-element-6f8c466 elementor-widget elementor-widget-heading\" data-id=\"6f8c466\" data-element_type=\"widget\" data-e-type=\"widget\" data-widget_type=\"heading.default\">\n\t\t\t\t\t<h2 class=\"elementor-heading-title elementor-size-default\">Putki\u00f6ljynj\u00e4\u00e4hdytin<\/h2>\t\t\t\t<\/div>\n\t\t\t\t\t<\/div>\n\t\t\t\t<\/div>\n\t\t<div class=\"elementor-element elementor-element-b1cf0bf e-flex e-con-boxed e-con e-parent\" data-id=\"b1cf0bf\" data-element_type=\"container\" data-e-type=\"container\">\n\t\t\t\t\t<div class=\"e-con-inner\">\n\t\t<div class=\"elementor-element elementor-element-5802744 e-con-full e-flex e-con e-child\" data-id=\"5802744\" data-element_type=\"container\" data-e-type=\"container\" data-settings=\"{&quot;background_background&quot;:&quot;classic&quot;}\">\n\t\t\t\t<div class=\"elementor-element elementor-element-7d162e4 elementor-widget__width-initial elementor-widget-mobile__width-initial elementor-widget elementor-widget-heading\" data-id=\"7d162e4\" data-element_type=\"widget\" data-e-type=\"widget\" data-widget_type=\"heading.default\">\n\t\t\t\t\t<h2 class=\"elementor-heading-title elementor-size-default\">MG  <\/h2>\t\t\t\t<\/div>\n\t\t\t\t<\/div>\n\t\t\t\t<div class=\"elementor-element elementor-element-11b27be elementor-widget__width-initial elementor-widget-mobile__width-initial elementor-widget elementor-widget-button\" data-id=\"11b27be\" data-element_type=\"widget\" data-e-type=\"widget\" data-widget_type=\"button.default\">\n\t\t\t\t\t\t\t\t\t\t<a class=\"elementor-button elementor-button-link elementor-size-sm\" href=\"https:\/\/it.emmegi.group\/wp-content\/uploads\/sites\/8\/2023\/09\/Catalogo-Acqua-Olio-3.pdf\" target=\"_blank\">\n\t\t\t\t\t\t<span class=\"elementor-button-content-wrapper\">\n\t\t\t\t\t\t<span class=\"elementor-button-icon\">\n\t\t\t\t<svg aria-hidden=\"true\" class=\"e-font-icon-svg e-fas-download\" viewBox=\"0 0 512 512\" xmlns=\"http:\/\/www.w3.org\/2000\/svg\"><path d=\"M216 0h80c13.3 0 24 10.7 24 24v168h87.7c17.8 0 26.7 21.5 14.1 34.1L269.7 378.3c-7.5 7.5-19.8 7.5-27.3 0L90.1 226.1c-12.6-12.6-3.7-34.1 14.1-34.1H192V24c0-13.3 10.7-24 24-24zm296 376v112c0 13.3-10.7 24-24 24H24c-13.3 0-24-10.7-24-24V376c0-13.3 10.7-24 24-24h146.7l49 49c20.1 20.1 52.5 20.1 72.6 0l49-49H488c13.3 0 24 10.7 24 24zm-124 88c0-11-9-20-20-20s-20 9-20 20 9 20 20 20 20-9 20-20zm64 0c0-11-9-20-20-20s-20 9-20 20 9 20 20 20 20-9 20-20z\"><\/path><\/svg>\t\t\t<\/span>\n\t\t\t\t\t\t\t\t\t<span class=\"elementor-button-text\">Lataa pdf<\/span>\n\t\t\t\t\t<\/span>\n\t\t\t\t\t<\/a>\n\t\t\t\t\t\t\t\t<\/div>\n\t\t\t\t\t<\/div>\n\t\t\t\t<\/div>\n\t\t<div class=\"elementor-element elementor-element-ad1e815 elementor-hidden-tablet elementor-hidden-mobile e-flex e-con-boxed e-con e-parent\" data-id=\"ad1e815\" data-element_type=\"container\" data-e-type=\"container\">\n\t\t\t\t\t<div class=\"e-con-inner\">\n\t\t\t\t<div class=\"elementor-element elementor-element-8e085d7 elementor-widget elementor-widget-text-editor\" data-id=\"8e085d7\" data-element_type=\"widget\" data-e-type=\"widget\" data-widget_type=\"text-editor.default\">\n\t\t\t\t\t\t\t\t\t<p>Kehittynyt suunnittelu parantaa suorituskyky\u00e4<\/p>\n<p>Putki\u00f6ljynj\u00e4\u00e4hdyttimen putket on valmistettu korkealaatuisesta metallista, ja niiden pintak\u00e4sittely on suunniteltu erityisesti l\u00e4mm\u00f6nsiirron optimoimiseksi. N\u00e4in varmistetaan, ett\u00e4 l\u00e4mp\u00f6 siirtyy tehokkaasti \u00f6ljyst\u00e4 j\u00e4\u00e4hdytysnesteeseen, mik\u00e4 parantaa j\u00e4\u00e4hdytyksen tehokkuutta. Rakenne on my\u00f6s kompakti ja kest\u00e4v\u00e4, joten se on helppo integroida erilaisiin j\u00e4rjestelmiin suorituskyvyst\u00e4 tinkim\u00e4tt\u00e4.  <\/p>\n<p>EMMEGI-putki\u00f6ljynj\u00e4\u00e4hdyttimien t\u00e4rkeimm\u00e4t edut:<\/p>\n<ul>\n<li><strong>Tehokas l\u00e4mm\u00f6nsiirto<\/strong>: Edistyksellinen putkisuunnittelu maksimaalista l\u00e4mm\u00f6nvaihtoa ja parempaa j\u00e4\u00e4hdytyst\u00e4 varten.<\/li>\n<li><strong>Pitk\u00e4 k\u00e4ytt\u00f6ik\u00e4<\/strong>: Kest\u00e4v\u00e4t materiaalit, jotka kest\u00e4v\u00e4t korkeita paineita ja l\u00e4mp\u00f6tiloja.<\/li>\n<li><strong>Monipuolinen k\u00e4ytt\u00f6<\/strong>: Voidaan k\u00e4ytt\u00e4\u00e4 erilaisissa teollisissa sovelluksissa hydrauliikkaj\u00e4rjestelmist\u00e4 meriymp\u00e4rist\u00f6ihin.<\/li>\n<li><strong>Kompakti muotoilu<\/strong>: helppo integroida olemassa oleviin j\u00e4rjestelmiin tilaa s\u00e4\u00e4st\u00e4v\u00e4n rakenteen ansiosta.<\/li>\n<\/ul>\n\t\t\t\t\t\t\t\t<\/div>\n\t\t\t\t\t<\/div>\n\t\t\t\t<\/div>\n\t\t<div class=\"elementor-element elementor-element-2341825 e-flex e-con-boxed e-con e-parent\" data-id=\"2341825\" data-element_type=\"container\" data-e-type=\"container\" data-settings=\"{&quot;background_background&quot;:&quot;classic&quot;}\">\n\t\t\t\t\t<div class=\"e-con-inner\">\n\t\t<div class=\"elementor-element elementor-element-9826fa6 e-con-full e-flex e-con e-child\" data-id=\"9826fa6\" data-element_type=\"container\" data-e-type=\"container\">\n\t\t\t\t<div class=\"elementor-element elementor-element-23ba714 elementor-widget elementor-widget-heading\" data-id=\"23ba714\" data-element_type=\"widget\" data-e-type=\"widget\" data-widget_type=\"heading.default\">\n\t\t\t\t\t<h2 class=\"elementor-heading-title elementor-size-default\">Etk\u00f6 ole varma, mik\u00e4 j\u00e4\u00e4hdytin sopii sovellukseesi?<\/h2>\t\t\t\t<\/div>\n\t\t\t\t<div class=\"elementor-element elementor-element-2329b9f elementor-widget elementor-widget-button\" data-id=\"2329b9f\" data-element_type=\"widget\" data-e-type=\"widget\" data-widget_type=\"button.default\">\n\t\t\t\t\t\t\t\t\t\t<a class=\"elementor-button elementor-button-link elementor-size-sm\" href=\"https:\/\/emmeginordic.se\/fi\/ota-yhteytta\/\">\n\t\t\t\t\t\t<span class=\"elementor-button-content-wrapper\">\n\t\t\t\t\t\t\t\t\t<span class=\"elementor-button-text\">OTA YHTEYTT\u00c4<\/span>\n\t\t\t\t\t<\/span>\n\t\t\t\t\t<\/a>\n\t\t\t\t\t\t\t\t<\/div>\n\t\t\t\t<\/div>\n\t\t\t\t\t<\/div>\n\t\t\t\t<\/div>\n\t\t\t\t<\/div>\n\t\t","protected":false},"excerpt":{"rendered":"<p>EMMEGI Putki\u00f6ljynj\u00e4\u00e4hdytin Putki\u00f6ljynj\u00e4\u00e4hdyttimemme on suunniteltu tarjoamaan ylivoimaista j\u00e4\u00e4hdytyst\u00e4 vaativissa teollisissa sovelluksissa. Valikoimamme sis\u00e4lt\u00e4\u00e4 laajan valikoiman korkean hy\u00f6tysuhteen malleja. Rakenne on kompakti ja kest\u00e4v\u00e4, joten se on helppo integroida osaksi eri j\u00e4rjestelmi\u00e4 suorituskyvyst\u00e4 tinkim\u00e4tt\u00e4. EMMEGIn putki\u00f6ljynj\u00e4\u00e4hdyttimet on suunniteltu kest\u00e4m\u00e4\u00e4n korkeita paineita ja l\u00e4mp\u00f6tiloja &#8211; ihanteellisia eri teollisuudenaloille, kuten energia-, teollisuus- ja merenkulkualan sovelluksiin. Putki\u00f6ljynj\u00e4\u00e4hdyttimi\u00e4 k\u00e4ytet\u00e4\u00e4n hydraulipiirien [&hellip;]<\/p>\n","protected":false},"author":1,"featured_media":0,"parent":0,"menu_order":0,"comment_status":"closed","ping_status":"closed","template":"","meta":{"site-sidebar-layout":"no-sidebar","site-content-layout":"page-builder","ast-site-content-layout":"full-width-container","site-content-style":"unboxed","site-sidebar-style":"unboxed","ast-global-header-display":"","ast-banner-title-visibility":"","ast-main-header-display":"","ast-hfb-above-header-display":"","ast-hfb-below-header-display":"","ast-hfb-mobile-header-display":"","site-post-title":"disabled","ast-breadcrumbs-content":"","ast-featured-img":"disabled","footer-sml-layout":"","ast-disable-related-posts":"","theme-transparent-header-meta":"enabled","adv-header-id-meta":"","stick-header-meta":"","header-above-stick-meta":"","header-main-stick-meta":"","header-below-stick-meta":"","astra-migrate-meta-layouts":"default","ast-page-background-enabled":"default","ast-page-background-meta":{"desktop":{"background-color":"var(--ast-global-color-4)","background-image":"","background-repeat":"repeat","background-position":"center center","background-size":"auto","background-attachment":"scroll","background-type":"","background-media":"","overlay-type":"","overlay-color":"","overlay-opacity":"","overlay-gradient":""},"tablet":{"background-color":"","background-image":"","background-repeat":"repeat","background-position":"center center","background-size":"auto","background-attachment":"scroll","background-type":"","background-media":"","overlay-type":"","overlay-color":"","overlay-opacity":"","overlay-gradient":""},"mobile":{"background-color":"","background-image":"","background-repeat":"repeat","background-position":"center center","background-size":"auto","background-attachment":"scroll","background-type":"","background-media":"","overlay-type":"","overlay-color":"","overlay-opacity":"","overlay-gradient":""}},"ast-content-background-meta":{"desktop":{"background-color":"var(--ast-global-color-5)","background-image":"","background-repeat":"repeat","background-position":"center center","background-size":"auto","background-attachment":"scroll","background-type":"","background-media":"","overlay-type":"","overlay-color":"","overlay-opacity":"","overlay-gradient":""},"tablet":{"background-color":"var(--ast-global-color-5)","background-image":"","background-repeat":"repeat","background-position":"center center","background-size":"auto","background-attachment":"scroll","background-type":"","background-media":"","overlay-type":"","overlay-color":"","overlay-opacity":"","overlay-gradient":""},"mobile":{"background-color":"var(--ast-global-color-5)","background-image":"","background-repeat":"repeat","background-position":"center center","background-size":"auto","background-attachment":"scroll","background-type":"","background-media":"","overlay-type":"","overlay-color":"","overlay-opacity":"","overlay-gradient":""}},"footnotes":""},"class_list":["post-2773","page","type-page","status-publish","hentry"],"yoast_head":"<!-- This site is optimized with the Yoast SEO plugin v27.2 - https:\/\/yoast.com\/product\/yoast-seo-wordpress\/ -->\n<title>Putki\u00f6ljynj\u00e4\u00e4hdytin - Emmegi<\/title>\n<meta name=\"description\" content=\"Putki\u00f6ljynj\u00e4\u00e4hdyttimemme on suunniteltu tuottamaan ylivoimaista j\u00e4\u00e4hdytyst\u00e4 vaativissa teollisissa sovelluksissa.\" \/>\n<meta name=\"robots\" content=\"index, follow, max-snippet:-1, max-image-preview:large, max-video-preview:-1\" \/>\n<link rel=\"canonical\" href=\"https:\/\/emmegi.hemsida.eu\/tuboljekylare\/\" \/>\n<meta property=\"og:locale\" content=\"fi_FI\" \/>\n<meta property=\"og:type\" content=\"article\" \/>\n<meta property=\"og:title\" content=\"Putki\u00f6ljynj\u00e4\u00e4hdytin - Emmegi\" \/>\n<meta property=\"og:description\" content=\"Putki\u00f6ljynj\u00e4\u00e4hdyttimemme on suunniteltu tuottamaan ylivoimaista j\u00e4\u00e4hdytyst\u00e4 vaativissa teollisissa sovelluksissa.\" \/>\n<meta property=\"og:url\" content=\"https:\/\/emmegi.hemsida.eu\/tuboljekylare\/\" \/>\n<meta property=\"og:site_name\" content=\"Emmegi\" \/>\n<meta property=\"article:modified_time\" content=\"2024-11-22T12:30:06+00:00\" \/>\n<meta property=\"og:image\" content=\"https:\/\/emmeginordic.se\/wp-content\/uploads\/2024\/10\/emmegi5.jpeg\" \/>\n\t<meta property=\"og:image:width\" content=\"1000\" \/>\n\t<meta property=\"og:image:height\" content=\"666\" \/>\n\t<meta property=\"og:image:type\" content=\"image\/jpeg\" \/>\n<meta name=\"twitter:card\" content=\"summary_large_image\" \/>\n<meta name=\"twitter:label1\" content=\"Arvioitu lukuaika\" \/>\n\t<meta name=\"twitter:data1\" content=\"2 minuuttia\" \/>\n<script type=\"application\/ld+json\" class=\"yoast-schema-graph\">{\"@context\":\"https:\/\/schema.org\",\"@graph\":[{\"@type\":\"WebPage\",\"@id\":\"https:\/\/emmegi.hemsida.eu\/tuboljekylare\/\",\"url\":\"https:\/\/emmegi.hemsida.eu\/tuboljekylare\/\",\"name\":\"Putki\u00f6ljynj\u00e4\u00e4hdytin - Emmegi\",\"isPartOf\":{\"@id\":\"https:\/\/emmegi.hemsida.eu\/#website\"},\"primaryImageOfPage\":{\"@id\":\"https:\/\/emmegi.hemsida.eu\/tuboljekylare\/#primaryimage\"},\"image\":{\"@id\":\"https:\/\/emmegi.hemsida.eu\/tuboljekylare\/#primaryimage\"},\"thumbnailUrl\":\"https:\/\/emmeginordic.se\/wp-content\/uploads\/2024\/10\/emmegi5.jpeg\",\"datePublished\":\"2024-10-11T09:26:11+00:00\",\"dateModified\":\"2024-11-22T12:30:06+00:00\",\"description\":\"Putki\u00f6ljynj\u00e4\u00e4hdyttimemme on suunniteltu tuottamaan ylivoimaista j\u00e4\u00e4hdytyst\u00e4 vaativissa teollisissa sovelluksissa.\",\"breadcrumb\":{\"@id\":\"https:\/\/emmegi.hemsida.eu\/tuboljekylare\/#breadcrumb\"},\"inLanguage\":\"fi\",\"potentialAction\":[{\"@type\":\"ReadAction\",\"target\":[\"https:\/\/emmegi.hemsida.eu\/tuboljekylare\/\"]}]},{\"@type\":\"ImageObject\",\"inLanguage\":\"fi\",\"@id\":\"https:\/\/emmegi.hemsida.eu\/tuboljekylare\/#primaryimage\",\"url\":\"https:\/\/emmeginordic.se\/wp-content\/uploads\/2024\/10\/emmegi5.jpeg\",\"contentUrl\":\"https:\/\/emmeginordic.se\/wp-content\/uploads\/2024\/10\/emmegi5.jpeg\"},{\"@type\":\"BreadcrumbList\",\"@id\":\"https:\/\/emmegi.hemsida.eu\/tuboljekylare\/#breadcrumb\",\"itemListElement\":[{\"@type\":\"ListItem\",\"position\":1,\"name\":\"Hem\",\"item\":\"https:\/\/emmeginordic.se\/fi\/etusivu\/\"},{\"@type\":\"ListItem\",\"position\":2,\"name\":\"Putki\u00f6ljynj\u00e4\u00e4hdytin\"}]},{\"@type\":\"WebSite\",\"@id\":\"https:\/\/emmegi.hemsida.eu\/#website\",\"url\":\"https:\/\/emmegi.hemsida.eu\/\",\"name\":\"Emmegi\",\"description\":\"Heat Exchangers\",\"publisher\":{\"@id\":\"https:\/\/emmegi.hemsida.eu\/#organization\"},\"potentialAction\":[{\"@type\":\"SearchAction\",\"target\":{\"@type\":\"EntryPoint\",\"urlTemplate\":\"https:\/\/emmegi.hemsida.eu\/?s={search_term_string}\"},\"query-input\":{\"@type\":\"PropertyValueSpecification\",\"valueRequired\":true,\"valueName\":\"search_term_string\"}}],\"inLanguage\":\"fi\"},{\"@type\":\"Organization\",\"@id\":\"https:\/\/emmegi.hemsida.eu\/#organization\",\"name\":\"Emmegi\",\"url\":\"https:\/\/emmegi.hemsida.eu\/\",\"logo\":{\"@type\":\"ImageObject\",\"inLanguage\":\"fi\",\"@id\":\"https:\/\/emmegi.hemsida.eu\/#\/schema\/logo\/image\/\",\"url\":\"https:\/\/emmeginordic.se\/wp-content\/uploads\/2024\/10\/emmegi-logo.svg\",\"contentUrl\":\"https:\/\/emmeginordic.se\/wp-content\/uploads\/2024\/10\/emmegi-logo.svg\",\"width\":201,\"height\":48,\"caption\":\"Emmegi\"},\"image\":{\"@id\":\"https:\/\/emmegi.hemsida.eu\/#\/schema\/logo\/image\/\"}}]}<\/script>\n<!-- \/ Yoast SEO plugin. -->","yoast_head_json":{"title":"Putki\u00f6ljynj\u00e4\u00e4hdytin - Emmegi","description":"Putki\u00f6ljynj\u00e4\u00e4hdyttimemme on suunniteltu tuottamaan ylivoimaista j\u00e4\u00e4hdytyst\u00e4 vaativissa teollisissa sovelluksissa.","robots":{"index":"index","follow":"follow","max-snippet":"max-snippet:-1","max-image-preview":"max-image-preview:large","max-video-preview":"max-video-preview:-1"},"canonical":"https:\/\/emmegi.hemsida.eu\/tuboljekylare\/","og_locale":"fi_FI","og_type":"article","og_title":"Putki\u00f6ljynj\u00e4\u00e4hdytin - Emmegi","og_description":"Putki\u00f6ljynj\u00e4\u00e4hdyttimemme on suunniteltu tuottamaan ylivoimaista j\u00e4\u00e4hdytyst\u00e4 vaativissa teollisissa sovelluksissa.","og_url":"https:\/\/emmegi.hemsida.eu\/tuboljekylare\/","og_site_name":"Emmegi","article_modified_time":"2024-11-22T12:30:06+00:00","og_image":[{"width":1000,"height":666,"url":"https:\/\/emmeginordic.se\/wp-content\/uploads\/2024\/10\/emmegi5.jpeg","type":"image\/jpeg"}],"twitter_card":"summary_large_image","twitter_misc":{"Arvioitu lukuaika":"2 minuuttia"},"schema":{"@context":"https:\/\/schema.org","@graph":[{"@type":"WebPage","@id":"https:\/\/emmegi.hemsida.eu\/tuboljekylare\/","url":"https:\/\/emmegi.hemsida.eu\/tuboljekylare\/","name":"Putki\u00f6ljynj\u00e4\u00e4hdytin - Emmegi","isPartOf":{"@id":"https:\/\/emmegi.hemsida.eu\/#website"},"primaryImageOfPage":{"@id":"https:\/\/emmegi.hemsida.eu\/tuboljekylare\/#primaryimage"},"image":{"@id":"https:\/\/emmegi.hemsida.eu\/tuboljekylare\/#primaryimage"},"thumbnailUrl":"https:\/\/emmeginordic.se\/wp-content\/uploads\/2024\/10\/emmegi5.jpeg","datePublished":"2024-10-11T09:26:11+00:00","dateModified":"2024-11-22T12:30:06+00:00","description":"Putki\u00f6ljynj\u00e4\u00e4hdyttimemme on suunniteltu tuottamaan ylivoimaista j\u00e4\u00e4hdytyst\u00e4 vaativissa teollisissa sovelluksissa.","breadcrumb":{"@id":"https:\/\/emmegi.hemsida.eu\/tuboljekylare\/#breadcrumb"},"inLanguage":"fi","potentialAction":[{"@type":"ReadAction","target":["https:\/\/emmegi.hemsida.eu\/tuboljekylare\/"]}]},{"@type":"ImageObject","inLanguage":"fi","@id":"https:\/\/emmegi.hemsida.eu\/tuboljekylare\/#primaryimage","url":"https:\/\/emmeginordic.se\/wp-content\/uploads\/2024\/10\/emmegi5.jpeg","contentUrl":"https:\/\/emmeginordic.se\/wp-content\/uploads\/2024\/10\/emmegi5.jpeg"},{"@type":"BreadcrumbList","@id":"https:\/\/emmegi.hemsida.eu\/tuboljekylare\/#breadcrumb","itemListElement":[{"@type":"ListItem","position":1,"name":"Hem","item":"https:\/\/emmeginordic.se\/fi\/etusivu\/"},{"@type":"ListItem","position":2,"name":"Putki\u00f6ljynj\u00e4\u00e4hdytin"}]},{"@type":"WebSite","@id":"https:\/\/emmegi.hemsida.eu\/#website","url":"https:\/\/emmegi.hemsida.eu\/","name":"Emmegi","description":"Heat Exchangers","publisher":{"@id":"https:\/\/emmegi.hemsida.eu\/#organization"},"potentialAction":[{"@type":"SearchAction","target":{"@type":"EntryPoint","urlTemplate":"https:\/\/emmegi.hemsida.eu\/?s={search_term_string}"},"query-input":{"@type":"PropertyValueSpecification","valueRequired":true,"valueName":"search_term_string"}}],"inLanguage":"fi"},{"@type":"Organization","@id":"https:\/\/emmegi.hemsida.eu\/#organization","name":"Emmegi","url":"https:\/\/emmegi.hemsida.eu\/","logo":{"@type":"ImageObject","inLanguage":"fi","@id":"https:\/\/emmegi.hemsida.eu\/#\/schema\/logo\/image\/","url":"https:\/\/emmeginordic.se\/wp-content\/uploads\/2024\/10\/emmegi-logo.svg","contentUrl":"https:\/\/emmeginordic.se\/wp-content\/uploads\/2024\/10\/emmegi-logo.svg","width":201,"height":48,"caption":"Emmegi"},"image":{"@id":"https:\/\/emmegi.hemsida.eu\/#\/schema\/logo\/image\/"}}]}},"_links":{"self":[{"href":"https:\/\/emmeginordic.se\/fi\/wp-json\/wp\/v2\/pages\/2773","targetHints":{"allow":["GET"]}}],"collection":[{"href":"https:\/\/emmeginordic.se\/fi\/wp-json\/wp\/v2\/pages"}],"about":[{"href":"https:\/\/emmeginordic.se\/fi\/wp-json\/wp\/v2\/types\/page"}],"author":[{"embeddable":true,"href":"https:\/\/emmeginordic.se\/fi\/wp-json\/wp\/v2\/users\/1"}],"replies":[{"embeddable":true,"href":"https:\/\/emmeginordic.se\/fi\/wp-json\/wp\/v2\/comments?post=2773"}],"version-history":[{"count":12,"href":"https:\/\/emmeginordic.se\/fi\/wp-json\/wp\/v2\/pages\/2773\/revisions"}],"predecessor-version":[{"id":3908,"href":"https:\/\/emmeginordic.se\/fi\/wp-json\/wp\/v2\/pages\/2773\/revisions\/3908"}],"wp:attachment":[{"href":"https:\/\/emmeginordic.se\/fi\/wp-json\/wp\/v2\/media?parent=2773"}],"curies":[{"name":"wp","href":"https:\/\/api.w.org\/{rel}","templated":true}]}}