{"id":2756,"date":"2024-10-09T06:49:19","date_gmt":"2024-10-09T06:49:19","guid":{"rendered":"https:\/\/emmeginordic.se\/etusivu\/"},"modified":"2026-02-26T09:19:43","modified_gmt":"2026-02-26T09:19:43","slug":"etusivu","status":"publish","type":"page","link":"https:\/\/emmeginordic.se\/fi\/","title":{"rendered":"Etusivu"},"content":{"rendered":"\t\t<div data-elementor-type=\"wp-page\" data-elementor-id=\"2756\" class=\"elementor elementor-2756 elementor-1318\" data-elementor-post-type=\"page\">\n\t\t\t\t<div class=\"elementor-element elementor-element-9e1a3b7 e-flex e-con-boxed e-con e-parent\" data-id=\"9e1a3b7\" data-element_type=\"container\" data-e-type=\"container\" data-settings=\"{&quot;background_background&quot;:&quot;slideshow&quot;,&quot;background_slideshow_gallery&quot;:[{&quot;id&quot;:2659,&quot;url&quot;:&quot;https:\\\/\\\/emmeginordic.se\\\/wp-content\\\/uploads\\\/2024\\\/10\\\/emmegi-2.jpg&quot;},{&quot;id&quot;:2653,&quot;url&quot;:&quot;https:\\\/\\\/emmeginordic.se\\\/wp-content\\\/uploads\\\/2024\\\/10\\\/emmegi-1.jpeg&quot;},{&quot;id&quot;:2713,&quot;url&quot;:&quot;https:\\\/\\\/emmeginordic.se\\\/wp-content\\\/uploads\\\/2024\\\/10\\\/emmegi15.jpg&quot;}],&quot;background_slideshow_slide_duration&quot;:3000,&quot;background_slideshow_transition_duration&quot;:300,&quot;background_slideshow_loop&quot;:&quot;yes&quot;,&quot;background_slideshow_slide_transition&quot;:&quot;fade&quot;}\">\n\t\t\t\t\t<div class=\"e-con-inner\">\n\t\t<div class=\"elementor-element elementor-element-8f73ee5 e-flex e-con-boxed e-con e-child\" data-id=\"8f73ee5\" data-element_type=\"container\" data-e-type=\"container\">\n\t\t\t\t\t<div class=\"e-con-inner\">\n\t\t\t\t<div class=\"elementor-element elementor-element-4a02dab elementor-widget elementor-widget-heading\" data-id=\"4a02dab\" data-element_type=\"widget\" data-e-type=\"widget\" data-widget_type=\"heading.default\">\n\t\t\t\t\t<h1 class=\"elementor-heading-title elementor-size-default\">L\u00e4mm\u00f6nvaihtimet, jotka on valmistettu<\/h1>\t\t\t\t<\/div>\n\t\t\t\t<div class=\"elementor-element elementor-element-93873aa elementor-widget elementor-widget-heading\" data-id=\"93873aa\" data-element_type=\"widget\" data-e-type=\"widget\" data-widget_type=\"heading.default\">\n\t\t\t\t\t<h1 class=\"elementor-heading-title elementor-size-default\">EMMEGI<\/h1>\t\t\t\t<\/div>\n\t\t\t\t<div class=\"elementor-element elementor-element-e46045d elementor-widget elementor-widget-text-editor\" data-id=\"e46045d\" data-element_type=\"widget\" data-e-type=\"widget\" data-widget_type=\"text-editor.default\">\n\t\t\t\t\t\t\t\t\t<p>Emmegi S.p.A. on italialainen yritys, joka valmistaa l\u00e4mm\u00f6nvaihtimia ja on johtava toimija hydraulisen l\u00e4mm\u00f6nvaihdon alalla.<\/p>\n\t\t\t\t\t\t\t\t<\/div>\n\t\t\t\t<div class=\"elementor-element elementor-element-d3374de elementor-widget elementor-widget-button\" data-id=\"d3374de\" data-element_type=\"widget\" data-e-type=\"widget\" data-widget_type=\"button.default\">\n\t\t\t\t\t\t\t\t\t\t<a class=\"elementor-button elementor-button-link elementor-size-sm\" href=\"#\">\n\t\t\t\t\t\t<span class=\"elementor-button-content-wrapper\">\n\t\t\t\t\t\t<span class=\"elementor-button-icon\">\n\t\t\t\t<svg aria-hidden=\"true\" class=\"e-font-icon-svg e-far-arrow-alt-circle-right\" viewBox=\"0 0 512 512\" xmlns=\"http:\/\/www.w3.org\/2000\/svg\"><path d=\"M504 256C504 119 393 8 256 8S8 119 8 256s111 248 248 248 248-111 248-248zm-448 0c0-110.5 89.5-200 200-200s200 89.5 200 200-89.5 200-200 200S56 366.5 56 256zm72 20v-40c0-6.6 5.4-12 12-12h116v-67c0-10.7 12.9-16 20.5-8.5l99 99c4.7 4.7 4.7 12.3 0 17l-99 99c-7.6 7.6-20.5 2.2-20.5-8.5v-67H140c-6.6 0-12-5.4-12-12z\"><\/path><\/svg>\t\t\t<\/span>\n\t\t\t\t\t\t\t\t\t<span class=\"elementor-button-text\">Tuotteet ja palvelut<\/span>\n\t\t\t\t\t<\/span>\n\t\t\t\t\t<\/a>\n\t\t\t\t\t\t\t\t<\/div>\n\t\t\t\t\t<\/div>\n\t\t\t\t<\/div>\n\t\t\t\t\t<\/div>\n\t\t\t\t<\/div>\n\t\t<div class=\"elementor-element elementor-element-e14b232 e-flex e-con-boxed e-con e-parent\" data-id=\"e14b232\" data-element_type=\"container\" data-e-type=\"container\">\n\t\t\t\t\t<div class=\"e-con-inner\">\n\t\t<div class=\"elementor-element elementor-element-58ac4c6 e-con-full e-flex e-con e-child\" data-id=\"58ac4c6\" data-element_type=\"container\" data-e-type=\"container\">\n\t\t\t\t<div class=\"elementor-element elementor-element-49160ad elementor-widget-divider--view-line elementor-widget elementor-widget-divider\" data-id=\"49160ad\" data-element_type=\"widget\" data-e-type=\"widget\" data-widget_type=\"divider.default\">\n\t\t\t\t\t\t\t<div class=\"elementor-divider\">\n\t\t\t<span class=\"elementor-divider-separator\">\n\t\t\t\t\t\t<\/span>\n\t\t<\/div>\n\t\t\t\t\t\t<\/div>\n\t\t\t\t<div class=\"elementor-element elementor-element-78da3bc elementor-widget__width-initial elementor-widget-tablet__width-initial elementor-widget-mobile__width-initial elementor-widget elementor-widget-text-editor\" data-id=\"78da3bc\" data-element_type=\"widget\" data-e-type=\"widget\" data-widget_type=\"text-editor.default\">\n\t\t\t\t\t\t\t\t\t<p>EMMEGI on italialainen teollisuusalan yritys. Suunnittelemme ja valmistamme l\u00e4mm\u00f6nvaihtimia teollisuuskoneisiin, liikkuviin rakennusty\u00f6maakoneisiin, ilmakompressoreihin, polttomoottoreihin ja hydraulij\u00e4rjestelmiin yleens\u00e4.<\/p>\t\t\t\t\t\t\t\t<\/div>\n\t\t\t\t<div class=\"elementor-element elementor-element-f7b8013 elementor-widget elementor-widget-button\" data-id=\"f7b8013\" data-element_type=\"widget\" data-e-type=\"widget\" data-widget_type=\"button.default\">\n\t\t\t\t\t\t\t\t\t\t<a class=\"elementor-button elementor-button-link elementor-size-sm\" href=\"#\">\n\t\t\t\t\t\t<span class=\"elementor-button-content-wrapper\">\n\t\t\t\t\t\t\t\t\t<span class=\"elementor-button-text\">Lis\u00e4\u00e4 meist\u00e4<\/span>\n\t\t\t\t\t<\/span>\n\t\t\t\t\t<\/a>\n\t\t\t\t\t\t\t\t<\/div>\n\t\t\t\t<\/div>\n\t\t<div class=\"elementor-element elementor-element-ec9aa0a e-con-full e-flex e-con e-child\" data-id=\"ec9aa0a\" data-element_type=\"container\" data-e-type=\"container\">\n\t\t\t\t<div class=\"elementor-element elementor-element-434939a elementor-widget elementor-widget-video\" data-id=\"434939a\" data-element_type=\"widget\" data-e-type=\"widget\" data-settings=\"{&quot;video_type&quot;:&quot;hosted&quot;,&quot;autoplay&quot;:&quot;yes&quot;,&quot;mute&quot;:&quot;yes&quot;,&quot;controls&quot;:&quot;yes&quot;}\" data-widget_type=\"video.default\">\n\t\t\t\t\t\t\t<div class=\"e-hosted-video elementor-wrapper elementor-open-inline\">\n\t\t\t\t\t<video class=\"elementor-video\" src=\"https:\/\/emmeginordic.se\/wp-content\/uploads\/2024\/10\/EMMEGI_MONTAGGIO-16-9-60-SEC.mp4\" autoplay=\"\" controls=\"\" muted=\"muted\" controlsList=\"nodownload\"><\/video>\n\t\t\t\t<\/div>\n\t\t\t\t\t\t<\/div>\n\t\t\t\t<\/div>\n\t\t\t\t\t<\/div>\n\t\t\t\t<\/div>\n\t\t<div class=\"elementor-element elementor-element-a52032c e-flex e-con-boxed e-con e-parent\" data-id=\"a52032c\" data-element_type=\"container\" data-e-type=\"container\" data-settings=\"{&quot;background_background&quot;:&quot;classic&quot;}\">\n\t\t\t\t\t<div class=\"e-con-inner\">\n\t\t<div class=\"elementor-element elementor-element-6f12ca5 e-con-full e-flex e-con e-child\" data-id=\"6f12ca5\" data-element_type=\"container\" data-e-type=\"container\">\n\t\t\t\t<div class=\"elementor-element elementor-element-b719ed7 elementor-widget elementor-widget-image\" data-id=\"b719ed7\" data-element_type=\"widget\" data-e-type=\"widget\" data-widget_type=\"image.default\">\n\t\t\t\t\t\t\t\t\t\t\t\t\t\t\t<img fetchpriority=\"high\" decoding=\"async\" width=\"1000\" height=\"375\" src=\"https:\/\/emmeginordic.se\/wp-content\/uploads\/2024\/10\/emmegi3.png\" class=\"attachment-large size-large wp-image-2665\" alt=\"EMMEGI\" srcset=\"https:\/\/emmeginordic.se\/wp-content\/uploads\/2024\/10\/emmegi3.png 1000w, https:\/\/emmeginordic.se\/wp-content\/uploads\/2024\/10\/emmegi3-300x113.png 300w, https:\/\/emmeginordic.se\/wp-content\/uploads\/2024\/10\/emmegi3-768x288.png 768w\" sizes=\"(max-width: 1000px) 100vw, 1000px\" \/>\t\t\t\t\t\t\t\t\t\t\t\t\t\t\t<\/div>\n\t\t\t\t<\/div>\n\t\t<div class=\"elementor-element elementor-element-7788cfd e-con-full e-flex e-con e-child\" data-id=\"7788cfd\" data-element_type=\"container\" data-e-type=\"container\">\n\t\t\t\t<div class=\"elementor-element elementor-element-4d62fa3 elementor-widget__width-initial elementor-widget elementor-widget-heading\" data-id=\"4d62fa3\" data-element_type=\"widget\" data-e-type=\"widget\" data-widget_type=\"heading.default\">\n\t\t\t\t\t<h2 class=\"elementor-heading-title elementor-size-default\">EMMEGI L\u00c4MM\u00d6NSIIRTIMET - LAATUKONSEPTI<\/h2>\t\t\t\t<\/div>\n\t\t\t\t<div class=\"elementor-element elementor-element-58f731a elementor-widget elementor-widget-text-editor\" data-id=\"58f731a\" data-element_type=\"widget\" data-e-type=\"widget\" data-widget_type=\"text-editor.default\">\n\t\t\t\t\t\t\t\t\t<p>EMMEGI-tuotteiden korkea laatu ja jatkuva pyrkimys kest\u00e4vyyden parantamiseen ovat kaksi vahvuutemme.<\/p>\n\t\t\t\t\t\t\t\t<\/div>\n\t\t\t\t<div class=\"elementor-element elementor-element-c004353 elementor-widget elementor-widget-button\" data-id=\"c004353\" data-element_type=\"widget\" data-e-type=\"widget\" data-widget_type=\"button.default\">\n\t\t\t\t\t\t\t\t\t\t<a class=\"elementor-button elementor-button-link elementor-size-sm\" href=\"#\">\n\t\t\t\t\t\t<span class=\"elementor-button-content-wrapper\">\n\t\t\t\t\t\t\t\t\t<span class=\"elementor-button-text\">Lue lis\u00e4\u00e4<\/span>\n\t\t\t\t\t<\/span>\n\t\t\t\t\t<\/a>\n\t\t\t\t\t\t\t\t<\/div>\n\t\t\t\t<\/div>\n\t\t\t\t\t<\/div>\n\t\t\t\t<\/div>\n\t\t<div class=\"elementor-element elementor-element-5c4f281 e-flex e-con-boxed e-con e-parent\" data-id=\"5c4f281\" data-element_type=\"container\" data-e-type=\"container\" data-settings=\"{&quot;background_background&quot;:&quot;classic&quot;}\">\n\t\t\t\t\t<div class=\"e-con-inner\">\n\t\t<div class=\"elementor-element elementor-element-ab72391 e-con-full e-flex e-con e-child\" data-id=\"ab72391\" data-element_type=\"container\" data-e-type=\"container\">\n\t\t\t\t<div class=\"elementor-element elementor-element-c4de7a1 elementor-widget elementor-widget-heading\" data-id=\"c4de7a1\" data-element_type=\"widget\" data-e-type=\"widget\" data-widget_type=\"heading.default\">\n\t\t\t\t\t<h2 class=\"elementor-heading-title elementor-size-default\">Onko sinulla kysymyksi\u00e4 tai huolenaiheita?<\/h2>\t\t\t\t<\/div>\n\t\t\t\t<div class=\"elementor-element elementor-element-4337203 elementor-widget elementor-widget-text-editor\" data-id=\"4337203\" data-element_type=\"widget\" data-e-type=\"widget\" data-widget_type=\"text-editor.default\">\n\t\t\t\t\t\t\t\t\t<p>\u00c4l\u00e4 ep\u00e4r\u00f6i ottaa meihin yhteytt\u00e4!<\/p>\n\t\t\t\t\t\t\t\t<\/div>\n\t\t\t\t<div class=\"elementor-element elementor-element-7b14d40 elementor-widget elementor-widget-button\" data-id=\"7b14d40\" data-element_type=\"widget\" data-e-type=\"widget\" data-widget_type=\"button.default\">\n\t\t\t\t\t\t\t\t\t\t<a class=\"elementor-button elementor-button-link elementor-size-sm\" href=\"#\">\n\t\t\t\t\t\t<span class=\"elementor-button-content-wrapper\">\n\t\t\t\t\t\t\t\t\t<span class=\"elementor-button-text\">Ota meihin yhteytt\u00e4 osoitteessa<\/span>\n\t\t\t\t\t<\/span>\n\t\t\t\t\t<\/a>\n\t\t\t\t\t\t\t\t<\/div>\n\t\t\t\t<\/div>\n\t\t\t\t\t<\/div>\n\t\t\t\t<\/div>\n\t\t\t\t<\/div>\n\t\t","protected":false},"excerpt":{"rendered":"<p>L\u00e4mm\u00f6nvaihtimet, jotka on valmistettu EMMEGI Emmegi S.p.A. on italialainen yritys, joka valmistaa l\u00e4mm\u00f6nvaihtimia ja on johtava toimija hydraulisen l\u00e4mm\u00f6nvaihdon alalla. Tuotteet ja palvelut EMMEGI on italialainen teollisuusalan yritys. Suunnittelemme ja valmistamme l\u00e4mm\u00f6nvaihtimia teollisuuskoneisiin, liikkuviin rakennusty\u00f6maakoneisiin, ilmakompressoreihin, polttomoottoreihin ja hydraulij\u00e4rjestelmiin yleens\u00e4. Lis\u00e4\u00e4 meist\u00e4 https:\/\/emmeginordic.se\/wp-content\/uploads\/2024\/10\/EMMEGI_MONTAGGIO-16-9-60-SEC.mp4 EMMEGI L\u00c4MM\u00d6NSIIRTIMET &#8211; LAATUKONSEPTI EMMEGI-tuotteiden korkea laatu ja jatkuva pyrkimys kest\u00e4vyyden parantamiseen [&hellip;]<\/p>\n","protected":false},"author":1,"featured_media":2659,"parent":0,"menu_order":0,"comment_status":"closed","ping_status":"closed","template":"","meta":{"site-sidebar-layout":"no-sidebar","site-content-layout":"page-builder","ast-site-content-layout":"full-width-container","site-content-style":"unboxed","site-sidebar-style":"unboxed","ast-global-header-display":"","ast-banner-title-visibility":"","ast-main-header-display":"","ast-hfb-above-header-display":"","ast-hfb-below-header-display":"","ast-hfb-mobile-header-display":"","site-post-title":"disabled","ast-breadcrumbs-content":"","ast-featured-img":"disabled","footer-sml-layout":"","ast-disable-related-posts":"","theme-transparent-header-meta":"enabled","adv-header-id-meta":"","stick-header-meta":"","header-above-stick-meta":"","header-main-stick-meta":"","header-below-stick-meta":"","astra-migrate-meta-layouts":"set","ast-page-background-enabled":"default","ast-page-background-meta":{"desktop":{"background-color":"var(--ast-global-color-4)","background-image":"","background-repeat":"repeat","background-position":"center center","background-size":"auto","background-attachment":"scroll","background-type":"","background-media":"","overlay-type":"","overlay-color":"","overlay-opacity":"","overlay-gradient":""},"tablet":{"background-color":"","background-image":"","background-repeat":"repeat","background-position":"center center","background-size":"auto","background-attachment":"scroll","background-type":"","background-media":"","overlay-type":"","overlay-color":"","overlay-opacity":"","overlay-gradient":""},"mobile":{"background-color":"","background-image":"","background-repeat":"repeat","background-position":"center center","background-size":"auto","background-attachment":"scroll","background-type":"","background-media":"","overlay-type":"","overlay-color":"","overlay-opacity":"","overlay-gradient":""}},"ast-content-background-meta":{"desktop":{"background-color":"var(--ast-global-color-5)","background-image":"","background-repeat":"repeat","background-position":"center center","background-size":"auto","background-attachment":"scroll","background-type":"","background-media":"","overlay-type":"","overlay-color":"","overlay-opacity":"","overlay-gradient":""},"tablet":{"background-color":"var(--ast-global-color-5)","background-image":"","background-repeat":"repeat","background-position":"center center","background-size":"auto","background-attachment":"scroll","background-type":"","background-media":"","overlay-type":"","overlay-color":"","overlay-opacity":"","overlay-gradient":""},"mobile":{"background-color":"var(--ast-global-color-5)","background-image":"","background-repeat":"repeat","background-position":"center center","background-size":"auto","background-attachment":"scroll","background-type":"","background-media":"","overlay-type":"","overlay-color":"","overlay-opacity":"","overlay-gradient":""}},"footnotes":""},"class_list":["post-2756","page","type-page","status-publish","has-post-thumbnail","hentry"],"yoast_head":"<!-- This site is optimized with the Yoast SEO plugin v27.2 - https:\/\/yoast.com\/product\/yoast-seo-wordpress\/ -->\n<title>EMMEGI Nordic - Johtava toimija hydraulisessa l\u00e4mm\u00f6nvaihdossa<\/title>\n<meta name=\"description\" content=\"Emmegi S.p.A. on italialainen yritys, joka valmistaa l\u00e4mm\u00f6nvaihtimia ja on johtava toimija hydraulisen l\u00e4mm\u00f6nvaihdon alalla.\" \/>\n<meta name=\"robots\" content=\"index, follow, max-snippet:-1, max-image-preview:large, max-video-preview:-1\" \/>\n<link rel=\"canonical\" href=\"https:\/\/emmeginordic.se\/fi\/etusivu\/\" \/>\n<meta property=\"og:locale\" content=\"fi_FI\" \/>\n<meta property=\"og:type\" content=\"article\" \/>\n<meta property=\"og:title\" content=\"EMMEGI Nordic - Johtava toimija hydraulisessa l\u00e4mm\u00f6nvaihdossa\" \/>\n<meta property=\"og:description\" content=\"Emmegi S.p.A. on italialainen yritys, joka valmistaa l\u00e4mm\u00f6nvaihtimia ja on johtava toimija hydraulisen l\u00e4mm\u00f6nvaihdon alalla.\" \/>\n<meta property=\"og:url\" content=\"https:\/\/emmeginordic.se\/fi\/etusivu\/\" \/>\n<meta property=\"og:site_name\" content=\"Emmegi\" \/>\n<meta property=\"article:modified_time\" content=\"2026-02-26T09:19:43+00:00\" \/>\n<meta property=\"og:image\" content=\"https:\/\/emmeginordic.se\/wp-content\/uploads\/2024\/10\/emmegi-2.jpg\" \/>\n\t<meta property=\"og:image:width\" content=\"1920\" \/>\n\t<meta property=\"og:image:height\" content=\"1080\" \/>\n\t<meta property=\"og:image:type\" content=\"image\/jpeg\" \/>\n<meta name=\"twitter:card\" content=\"summary_large_image\" \/>\n<meta name=\"twitter:label1\" content=\"Arvioitu lukuaika\" \/>\n\t<meta name=\"twitter:data1\" content=\"1 minuutti\" \/>\n<script type=\"application\/ld+json\" class=\"yoast-schema-graph\">{\"@context\":\"https:\/\/schema.org\",\"@graph\":[{\"@type\":\"WebPage\",\"@id\":\"https:\/\/emmeginordic.se\/fi\/etusivu\/\",\"url\":\"https:\/\/emmeginordic.se\/fi\/etusivu\/\",\"name\":\"EMMEGI Nordic - Johtava toimija hydraulisessa l\u00e4mm\u00f6nvaihdossa\",\"isPartOf\":{\"@id\":\"https:\/\/emmegi.hemsida.eu\/#website\"},\"primaryImageOfPage\":{\"@id\":\"https:\/\/emmeginordic.se\/fi\/etusivu\/#primaryimage\"},\"image\":{\"@id\":\"https:\/\/emmeginordic.se\/fi\/etusivu\/#primaryimage\"},\"thumbnailUrl\":\"https:\/\/emmeginordic.se\/wp-content\/uploads\/2024\/10\/emmegi-2.jpg\",\"datePublished\":\"2024-10-09T06:49:19+00:00\",\"dateModified\":\"2026-02-26T09:19:43+00:00\",\"description\":\"Emmegi S.p.A. on italialainen yritys, joka valmistaa l\u00e4mm\u00f6nvaihtimia ja on johtava toimija hydraulisen l\u00e4mm\u00f6nvaihdon alalla.\",\"breadcrumb\":{\"@id\":\"https:\/\/emmeginordic.se\/fi\/etusivu\/#breadcrumb\"},\"inLanguage\":\"fi\",\"potentialAction\":[{\"@type\":\"ReadAction\",\"target\":[\"https:\/\/emmeginordic.se\/fi\/etusivu\/\"]}]},{\"@type\":\"ImageObject\",\"inLanguage\":\"fi\",\"@id\":\"https:\/\/emmeginordic.se\/fi\/etusivu\/#primaryimage\",\"url\":\"https:\/\/emmeginordic.se\/wp-content\/uploads\/2024\/10\/emmegi-2.jpg\",\"contentUrl\":\"https:\/\/emmeginordic.se\/wp-content\/uploads\/2024\/10\/emmegi-2.jpg\",\"width\":1920,\"height\":1080},{\"@type\":\"BreadcrumbList\",\"@id\":\"https:\/\/emmeginordic.se\/fi\/etusivu\/#breadcrumb\",\"itemListElement\":[{\"@type\":\"ListItem\",\"position\":1,\"name\":\"Hem\",\"item\":\"https:\/\/emmeginordic.se\/fi\/etusivu\/\"},{\"@type\":\"ListItem\",\"position\":2,\"name\":\"Etusivu\"}]},{\"@type\":\"WebSite\",\"@id\":\"https:\/\/emmegi.hemsida.eu\/#website\",\"url\":\"https:\/\/emmegi.hemsida.eu\/\",\"name\":\"Emmegi\",\"description\":\"Heat Exchangers\",\"publisher\":{\"@id\":\"https:\/\/emmegi.hemsida.eu\/#organization\"},\"potentialAction\":[{\"@type\":\"SearchAction\",\"target\":{\"@type\":\"EntryPoint\",\"urlTemplate\":\"https:\/\/emmegi.hemsida.eu\/?s={search_term_string}\"},\"query-input\":{\"@type\":\"PropertyValueSpecification\",\"valueRequired\":true,\"valueName\":\"search_term_string\"}}],\"inLanguage\":\"fi\"},{\"@type\":\"Organization\",\"@id\":\"https:\/\/emmegi.hemsida.eu\/#organization\",\"name\":\"Emmegi\",\"url\":\"https:\/\/emmegi.hemsida.eu\/\",\"logo\":{\"@type\":\"ImageObject\",\"inLanguage\":\"fi\",\"@id\":\"https:\/\/emmegi.hemsida.eu\/#\/schema\/logo\/image\/\",\"url\":\"https:\/\/emmeginordic.se\/wp-content\/uploads\/2024\/10\/emmegi-logo.svg\",\"contentUrl\":\"https:\/\/emmeginordic.se\/wp-content\/uploads\/2024\/10\/emmegi-logo.svg\",\"width\":201,\"height\":48,\"caption\":\"Emmegi\"},\"image\":{\"@id\":\"https:\/\/emmegi.hemsida.eu\/#\/schema\/logo\/image\/\"}}]}<\/script>\n<!-- \/ Yoast SEO plugin. -->","yoast_head_json":{"title":"EMMEGI Nordic - Johtava toimija hydraulisessa l\u00e4mm\u00f6nvaihdossa","description":"Emmegi S.p.A. on italialainen yritys, joka valmistaa l\u00e4mm\u00f6nvaihtimia ja on johtava toimija hydraulisen l\u00e4mm\u00f6nvaihdon alalla.","robots":{"index":"index","follow":"follow","max-snippet":"max-snippet:-1","max-image-preview":"max-image-preview:large","max-video-preview":"max-video-preview:-1"},"canonical":"https:\/\/emmeginordic.se\/fi\/etusivu\/","og_locale":"fi_FI","og_type":"article","og_title":"EMMEGI Nordic - Johtava toimija hydraulisessa l\u00e4mm\u00f6nvaihdossa","og_description":"Emmegi S.p.A. on italialainen yritys, joka valmistaa l\u00e4mm\u00f6nvaihtimia ja on johtava toimija hydraulisen l\u00e4mm\u00f6nvaihdon alalla.","og_url":"https:\/\/emmeginordic.se\/fi\/etusivu\/","og_site_name":"Emmegi","article_modified_time":"2026-02-26T09:19:43+00:00","og_image":[{"width":1920,"height":1080,"url":"https:\/\/emmeginordic.se\/wp-content\/uploads\/2024\/10\/emmegi-2.jpg","type":"image\/jpeg"}],"twitter_card":"summary_large_image","twitter_misc":{"Arvioitu lukuaika":"1 minuutti"},"schema":{"@context":"https:\/\/schema.org","@graph":[{"@type":"WebPage","@id":"https:\/\/emmeginordic.se\/fi\/etusivu\/","url":"https:\/\/emmeginordic.se\/fi\/etusivu\/","name":"EMMEGI Nordic - Johtava toimija hydraulisessa l\u00e4mm\u00f6nvaihdossa","isPartOf":{"@id":"https:\/\/emmegi.hemsida.eu\/#website"},"primaryImageOfPage":{"@id":"https:\/\/emmeginordic.se\/fi\/etusivu\/#primaryimage"},"image":{"@id":"https:\/\/emmeginordic.se\/fi\/etusivu\/#primaryimage"},"thumbnailUrl":"https:\/\/emmeginordic.se\/wp-content\/uploads\/2024\/10\/emmegi-2.jpg","datePublished":"2024-10-09T06:49:19+00:00","dateModified":"2026-02-26T09:19:43+00:00","description":"Emmegi S.p.A. on italialainen yritys, joka valmistaa l\u00e4mm\u00f6nvaihtimia ja on johtava toimija hydraulisen l\u00e4mm\u00f6nvaihdon alalla.","breadcrumb":{"@id":"https:\/\/emmeginordic.se\/fi\/etusivu\/#breadcrumb"},"inLanguage":"fi","potentialAction":[{"@type":"ReadAction","target":["https:\/\/emmeginordic.se\/fi\/etusivu\/"]}]},{"@type":"ImageObject","inLanguage":"fi","@id":"https:\/\/emmeginordic.se\/fi\/etusivu\/#primaryimage","url":"https:\/\/emmeginordic.se\/wp-content\/uploads\/2024\/10\/emmegi-2.jpg","contentUrl":"https:\/\/emmeginordic.se\/wp-content\/uploads\/2024\/10\/emmegi-2.jpg","width":1920,"height":1080},{"@type":"BreadcrumbList","@id":"https:\/\/emmeginordic.se\/fi\/etusivu\/#breadcrumb","itemListElement":[{"@type":"ListItem","position":1,"name":"Hem","item":"https:\/\/emmeginordic.se\/fi\/etusivu\/"},{"@type":"ListItem","position":2,"name":"Etusivu"}]},{"@type":"WebSite","@id":"https:\/\/emmegi.hemsida.eu\/#website","url":"https:\/\/emmegi.hemsida.eu\/","name":"Emmegi","description":"Heat Exchangers","publisher":{"@id":"https:\/\/emmegi.hemsida.eu\/#organization"},"potentialAction":[{"@type":"SearchAction","target":{"@type":"EntryPoint","urlTemplate":"https:\/\/emmegi.hemsida.eu\/?s={search_term_string}"},"query-input":{"@type":"PropertyValueSpecification","valueRequired":true,"valueName":"search_term_string"}}],"inLanguage":"fi"},{"@type":"Organization","@id":"https:\/\/emmegi.hemsida.eu\/#organization","name":"Emmegi","url":"https:\/\/emmegi.hemsida.eu\/","logo":{"@type":"ImageObject","inLanguage":"fi","@id":"https:\/\/emmegi.hemsida.eu\/#\/schema\/logo\/image\/","url":"https:\/\/emmeginordic.se\/wp-content\/uploads\/2024\/10\/emmegi-logo.svg","contentUrl":"https:\/\/emmeginordic.se\/wp-content\/uploads\/2024\/10\/emmegi-logo.svg","width":201,"height":48,"caption":"Emmegi"},"image":{"@id":"https:\/\/emmegi.hemsida.eu\/#\/schema\/logo\/image\/"}}]}},"_links":{"self":[{"href":"https:\/\/emmeginordic.se\/fi\/wp-json\/wp\/v2\/pages\/2756","targetHints":{"allow":["GET"]}}],"collection":[{"href":"https:\/\/emmeginordic.se\/fi\/wp-json\/wp\/v2\/pages"}],"about":[{"href":"https:\/\/emmeginordic.se\/fi\/wp-json\/wp\/v2\/types\/page"}],"author":[{"embeddable":true,"href":"https:\/\/emmeginordic.se\/fi\/wp-json\/wp\/v2\/users\/1"}],"replies":[{"embeddable":true,"href":"https:\/\/emmeginordic.se\/fi\/wp-json\/wp\/v2\/comments?post=2756"}],"version-history":[{"count":24,"href":"https:\/\/emmeginordic.se\/fi\/wp-json\/wp\/v2\/pages\/2756\/revisions"}],"predecessor-version":[{"id":3960,"href":"https:\/\/emmeginordic.se\/fi\/wp-json\/wp\/v2\/pages\/2756\/revisions\/3960"}],"wp:featuredmedia":[{"embeddable":true,"href":"https:\/\/emmeginordic.se\/fi\/wp-json\/wp\/v2\/media\/2659"}],"wp:attachment":[{"href":"https:\/\/emmeginordic.se\/fi\/wp-json\/wp\/v2\/media?parent=2756"}],"curies":[{"name":"wp","href":"https:\/\/api.w.org\/{rel}","templated":true}]}}