{"id":2732,"date":"2024-10-09T06:49:20","date_gmt":"2024-10-09T06:49:20","guid":{"rendered":"https:\/\/emmeginordic.se\/tuotteet-ja-palvelut\/"},"modified":"2024-11-29T08:45:18","modified_gmt":"2024-11-29T08:45:18","slug":"tuotteet-ja-palvelut","status":"publish","type":"page","link":"https:\/\/emmeginordic.se\/fi\/tuotteet-ja-palvelut\/","title":{"rendered":"Tuotteet ja palvelut"},"content":{"rendered":"\t\t<div data-elementor-type=\"wp-page\" data-elementor-id=\"2732\" class=\"elementor elementor-2732 elementor-15\" data-elementor-post-type=\"page\">\n\t\t\t\t<div class=\"elementor-element elementor-element-93263f3 e-flex e-con-boxed e-con e-parent\" data-id=\"93263f3\" data-element_type=\"container\" data-e-type=\"container\" data-settings=\"{&quot;background_background&quot;:&quot;classic&quot;}\">\n\t\t\t\t\t<div class=\"e-con-inner\">\n\t\t<div class=\"elementor-element elementor-element-6c32ff7 e-flex e-con-boxed e-con e-child\" data-id=\"6c32ff7\" data-element_type=\"container\" data-e-type=\"container\">\n\t\t\t\t\t<div class=\"e-con-inner\">\n\t\t\t\t<div class=\"elementor-element elementor-element-888fcee elementor-widget elementor-widget-heading\" data-id=\"888fcee\" data-element_type=\"widget\" data-e-type=\"widget\" data-widget_type=\"heading.default\">\n\t\t\t\t\t<h1 class=\"elementor-heading-title elementor-size-default\">Tuotetiedot<\/h1>\t\t\t\t<\/div>\n\t\t\t\t\t<\/div>\n\t\t\t\t<\/div>\n\t\t\t\t\t<\/div>\n\t\t\t\t<\/div>\n\t\t<div class=\"elementor-element elementor-element-25ac1c1 e-flex e-con-boxed e-con e-parent\" data-id=\"25ac1c1\" data-element_type=\"container\" data-e-type=\"container\">\n\t\t\t\t\t<div class=\"e-con-inner\">\n\t\t\t\t<div class=\"elementor-element elementor-element-d93681d elementor-widget elementor-widget-text-editor\" data-id=\"d93681d\" data-element_type=\"widget\" data-e-type=\"widget\" data-widget_type=\"text-editor.default\">\n\t\t\t\t\t\t\t\t\t<p>Lue lis\u00e4\u00e4 kustakin tuotteesta klikkaamalla otsikkoa.<\/p>\n\t\t\t\t\t\t\t\t<\/div>\n\t\t\t\t\t<\/div>\n\t\t\t\t<\/div>\n\t\t\t\t<section class=\"elementor-section elementor-top-section elementor-element elementor-element-6602383 elementor-section-content-middle elementor-section-boxed elementor-section-height-default elementor-section-height-default\" data-id=\"6602383\" data-element_type=\"section\" data-e-type=\"section\" data-settings=\"{&quot;background_background&quot;:&quot;classic&quot;}\">\n\t\t\t\t\t\t\t<div class=\"elementor-background-overlay\"><\/div>\n\t\t\t\t\t\t\t<div class=\"elementor-container elementor-column-gap-default\">\n\t\t\t\t\t<div class=\"elementor-column elementor-col-33 elementor-top-column elementor-element elementor-element-2e3dd48\" data-id=\"2e3dd48\" data-element_type=\"column\" data-e-type=\"column\" data-settings=\"{&quot;background_background&quot;:&quot;classic&quot;}\">\n\t\t\t<div class=\"elementor-widget-wrap elementor-element-populated\">\n\t\t\t\t\t<div class=\"elementor-background-overlay\"><\/div>\n\t\t\t\t\t\t<div class=\"elementor-element elementor-element-66bfa65 e-transform elementor-widget elementor-widget-heading\" data-id=\"66bfa65\" data-element_type=\"widget\" data-e-type=\"widget\" data-settings=\"{&quot;motion_fx_motion_fx_scrolling&quot;:&quot;yes&quot;,&quot;_transform_scale_effect_hover&quot;:{&quot;unit&quot;:&quot;px&quot;,&quot;size&quot;:1.1,&quot;sizes&quot;:[]},&quot;motion_fx_devices&quot;:[&quot;desktop&quot;,&quot;tablet&quot;,&quot;mobile&quot;],&quot;_transform_scale_effect_hover_tablet&quot;:{&quot;unit&quot;:&quot;px&quot;,&quot;size&quot;:&quot;&quot;,&quot;sizes&quot;:[]},&quot;_transform_scale_effect_hover_mobile&quot;:{&quot;unit&quot;:&quot;px&quot;,&quot;size&quot;:&quot;&quot;,&quot;sizes&quot;:[]}}\" data-widget_type=\"heading.default\">\n\t\t\t\t\t<h3 class=\"elementor-heading-title elementor-size-default\"><a href=\"https:\/\/emmeginordic.se\/fi\/ilma-oljynvaihdin\/\">Ilma-\u00f6ljynvaihdin<\/a><\/h3>\t\t\t\t<\/div>\n\t\t\t\t\t<\/div>\n\t\t<\/div>\n\t\t\t\t<div class=\"elementor-column elementor-col-33 elementor-top-column elementor-element elementor-element-28717ac\" data-id=\"28717ac\" data-element_type=\"column\" data-e-type=\"column\" data-settings=\"{&quot;background_background&quot;:&quot;classic&quot;}\">\n\t\t\t<div class=\"elementor-widget-wrap elementor-element-populated\">\n\t\t\t\t\t<div class=\"elementor-background-overlay\"><\/div>\n\t\t\t\t\t\t<div class=\"elementor-element elementor-element-71eeea7 e-transform elementor-widget elementor-widget-heading\" data-id=\"71eeea7\" data-element_type=\"widget\" data-e-type=\"widget\" data-settings=\"{&quot;_transform_scale_effect_hover&quot;:{&quot;unit&quot;:&quot;px&quot;,&quot;size&quot;:1.1,&quot;sizes&quot;:[]},&quot;_transform_scale_effect_hover_tablet&quot;:{&quot;unit&quot;:&quot;px&quot;,&quot;size&quot;:&quot;&quot;,&quot;sizes&quot;:[]},&quot;_transform_scale_effect_hover_mobile&quot;:{&quot;unit&quot;:&quot;px&quot;,&quot;size&quot;:&quot;&quot;,&quot;sizes&quot;:[]}}\" data-widget_type=\"heading.default\">\n\t\t\t\t\t<h3 class=\"elementor-heading-title elementor-size-default\"><a href=\"https:\/\/emmeginordic.se\/fi\/vesi-oljynvaihdin\/\">Vesi-\u00f6ljynvaihdin<\/a><\/h3>\t\t\t\t<\/div>\n\t\t\t\t\t<\/div>\n\t\t<\/div>\n\t\t\t\t<div class=\"elementor-column elementor-col-33 elementor-top-column elementor-element elementor-element-ab9407e\" data-id=\"ab9407e\" data-element_type=\"column\" data-e-type=\"column\" data-settings=\"{&quot;background_background&quot;:&quot;classic&quot;}\">\n\t\t\t<div class=\"elementor-widget-wrap elementor-element-populated\">\n\t\t\t\t\t<div class=\"elementor-background-overlay\"><\/div>\n\t\t\t\t\t\t<div class=\"elementor-element elementor-element-5f69490 e-transform elementor-widget elementor-widget-heading\" data-id=\"5f69490\" data-element_type=\"widget\" data-e-type=\"widget\" data-settings=\"{&quot;_transform_scale_effect_hover&quot;:{&quot;unit&quot;:&quot;px&quot;,&quot;size&quot;:1.1,&quot;sizes&quot;:[]},&quot;_transform_scale_effect_hover_tablet&quot;:{&quot;unit&quot;:&quot;px&quot;,&quot;size&quot;:&quot;&quot;,&quot;sizes&quot;:[]},&quot;_transform_scale_effect_hover_mobile&quot;:{&quot;unit&quot;:&quot;px&quot;,&quot;size&quot;:&quot;&quot;,&quot;sizes&quot;:[]}}\" data-widget_type=\"heading.default\">\n\t\t\t\t\t<h3 class=\"elementor-heading-title elementor-size-default\"><a href=\"https:\/\/emmeginordic.se\/fi\/juotetut-vesi-oljynvaihtimet\/\">Juotetut vesi-\u00f6ljynvaihtimet<\/a><\/h3>\t\t\t\t<\/div>\n\t\t\t\t\t<\/div>\n\t\t<\/div>\n\t\t\t\t\t<\/div>\n\t\t<\/section>\n\t\t\t\t<section class=\"elementor-section elementor-top-section elementor-element elementor-element-089f36c elementor-section-content-middle elementor-section-boxed elementor-section-height-default elementor-section-height-default\" data-id=\"089f36c\" data-element_type=\"section\" data-e-type=\"section\" data-settings=\"{&quot;background_background&quot;:&quot;classic&quot;}\">\n\t\t\t\t\t\t\t<div class=\"elementor-background-overlay\"><\/div>\n\t\t\t\t\t\t\t<div class=\"elementor-container elementor-column-gap-default\">\n\t\t\t\t\t<div class=\"elementor-column elementor-col-33 elementor-top-column elementor-element elementor-element-63ecdd4\" data-id=\"63ecdd4\" data-element_type=\"column\" data-e-type=\"column\" data-settings=\"{&quot;background_background&quot;:&quot;classic&quot;}\">\n\t\t\t<div class=\"elementor-widget-wrap elementor-element-populated\">\n\t\t\t\t\t<div class=\"elementor-background-overlay\"><\/div>\n\t\t\t\t\t\t<div class=\"elementor-element elementor-element-98017f1 e-transform elementor-widget elementor-widget-heading\" data-id=\"98017f1\" data-element_type=\"widget\" data-e-type=\"widget\" data-settings=\"{&quot;_transform_scale_effect_hover&quot;:{&quot;unit&quot;:&quot;px&quot;,&quot;size&quot;:1.1,&quot;sizes&quot;:[]},&quot;_transform_scale_effect_hover_tablet&quot;:{&quot;unit&quot;:&quot;px&quot;,&quot;size&quot;:&quot;&quot;,&quot;sizes&quot;:[]},&quot;_transform_scale_effect_hover_mobile&quot;:{&quot;unit&quot;:&quot;px&quot;,&quot;size&quot;:&quot;&quot;,&quot;sizes&quot;:[]}}\" data-widget_type=\"heading.default\">\n\t\t\t\t\t<h3 class=\"elementor-heading-title elementor-size-default\"><a href=\"https:\/\/emmeginordic.se\/fi\/autonomiset-jaahdytysryhmat\/\">Autonomiset j\u00e4\u00e4hdytysryhm\u00e4t<\/a><\/h3>\t\t\t\t<\/div>\n\t\t\t\t\t<\/div>\n\t\t<\/div>\n\t\t\t\t<div class=\"elementor-column elementor-col-33 elementor-top-column elementor-element elementor-element-14e6e1f\" data-id=\"14e6e1f\" data-element_type=\"column\" data-e-type=\"column\" data-settings=\"{&quot;background_background&quot;:&quot;classic&quot;}\">\n\t\t\t<div class=\"elementor-widget-wrap elementor-element-populated\">\n\t\t\t\t\t<div class=\"elementor-background-overlay\"><\/div>\n\t\t\t\t\t\t<div class=\"elementor-element elementor-element-49d881a e-transform elementor-widget elementor-widget-heading\" data-id=\"49d881a\" data-element_type=\"widget\" data-e-type=\"widget\" data-settings=\"{&quot;_transform_scale_effect_hover&quot;:{&quot;unit&quot;:&quot;px&quot;,&quot;size&quot;:1.1,&quot;sizes&quot;:[]},&quot;_transform_scale_effect_hover_tablet&quot;:{&quot;unit&quot;:&quot;px&quot;,&quot;size&quot;:&quot;&quot;,&quot;sizes&quot;:[]},&quot;_transform_scale_effect_hover_mobile&quot;:{&quot;unit&quot;:&quot;px&quot;,&quot;size&quot;:&quot;&quot;,&quot;sizes&quot;:[]}}\" data-widget_type=\"heading.default\">\n\t\t\t\t\t<h3 class=\"elementor-heading-title elementor-size-default\"><a href=\"https:\/\/emmeginordic.se\/fi\/atex-sertifioidut-lammonsiirtimet\/\">ATEX-sertifioidut l\u00e4mm\u00f6nsiirtimet<\/a><\/h3>\t\t\t\t<\/div>\n\t\t\t\t\t<\/div>\n\t\t<\/div>\n\t\t\t\t<div class=\"elementor-column elementor-col-33 elementor-top-column elementor-element elementor-element-34fee5c\" data-id=\"34fee5c\" data-element_type=\"column\" data-e-type=\"column\" data-settings=\"{&quot;background_background&quot;:&quot;classic&quot;}\">\n\t\t\t<div class=\"elementor-widget-wrap elementor-element-populated\">\n\t\t\t\t\t<div class=\"elementor-background-overlay\"><\/div>\n\t\t\t\t\t\t<div class=\"elementor-element elementor-element-0353183 e-transform elementor-widget elementor-widget-heading\" data-id=\"0353183\" data-element_type=\"widget\" data-e-type=\"widget\" data-settings=\"{&quot;_transform_scale_effect_hover&quot;:{&quot;unit&quot;:&quot;px&quot;,&quot;size&quot;:1.1,&quot;sizes&quot;:[]},&quot;_transform_scale_effect_hover_tablet&quot;:{&quot;unit&quot;:&quot;px&quot;,&quot;size&quot;:&quot;&quot;,&quot;sizes&quot;:[]},&quot;_transform_scale_effect_hover_mobile&quot;:{&quot;unit&quot;:&quot;px&quot;,&quot;size&quot;:&quot;&quot;,&quot;sizes&quot;:[]}}\" data-widget_type=\"heading.default\">\n\t\t\t\t\t<h3 class=\"elementor-heading-title elementor-size-default\"><a href=\"https:\/\/emmeginordic.se\/fi\/lammonvaihtimet-merenkulkukayttoon\/\">L\u00e4mm\u00f6nvaihdin merenkulkualan k\u00e4ytt\u00f6\u00f6n<\/a><\/h3>\t\t\t\t<\/div>\n\t\t\t\t\t<\/div>\n\t\t<\/div>\n\t\t\t\t\t<\/div>\n\t\t<\/section>\n\t\t\t\t<section class=\"elementor-section elementor-top-section elementor-element elementor-element-f2e4546 elementor-section-content-middle elementor-section-boxed elementor-section-height-default elementor-section-height-default\" data-id=\"f2e4546\" data-element_type=\"section\" data-e-type=\"section\" data-settings=\"{&quot;background_background&quot;:&quot;classic&quot;}\">\n\t\t\t\t\t\t\t<div class=\"elementor-background-overlay\"><\/div>\n\t\t\t\t\t\t\t<div class=\"elementor-container elementor-column-gap-default\">\n\t\t\t\t\t<div class=\"elementor-column elementor-col-33 elementor-top-column elementor-element elementor-element-d4a65b2\" data-id=\"d4a65b2\" data-element_type=\"column\" data-e-type=\"column\" data-settings=\"{&quot;background_background&quot;:&quot;classic&quot;}\">\n\t\t\t<div class=\"elementor-widget-wrap elementor-element-populated\">\n\t\t\t\t\t<div class=\"elementor-background-overlay\"><\/div>\n\t\t\t\t\t\t<div class=\"elementor-element elementor-element-3534f69 e-transform elementor-widget elementor-widget-heading\" data-id=\"3534f69\" data-element_type=\"widget\" data-e-type=\"widget\" data-settings=\"{&quot;_transform_scale_effect_hover&quot;:{&quot;unit&quot;:&quot;px&quot;,&quot;size&quot;:1.1,&quot;sizes&quot;:[]},&quot;_transform_scale_effect_hover_tablet&quot;:{&quot;unit&quot;:&quot;px&quot;,&quot;size&quot;:&quot;&quot;,&quot;sizes&quot;:[]},&quot;_transform_scale_effect_hover_mobile&quot;:{&quot;unit&quot;:&quot;px&quot;,&quot;size&quot;:&quot;&quot;,&quot;sizes&quot;:[]}}\" data-widget_type=\"heading.default\">\n\t\t\t\t\t<h3 class=\"elementor-heading-title elementor-size-default\"><a href=\"https:\/\/emmeginordic.se\/fi\/combi-jaahdytin-cc-series-kompressoreille\/\">Combi-j\u00e4\u00e4hdytin CC SERIES -kompressoreille<\/a><\/h3>\t\t\t\t<\/div>\n\t\t\t\t\t<\/div>\n\t\t<\/div>\n\t\t\t\t<div class=\"elementor-column elementor-col-33 elementor-top-column elementor-element elementor-element-5551ae5\" data-id=\"5551ae5\" data-element_type=\"column\" data-e-type=\"column\" data-settings=\"{&quot;background_background&quot;:&quot;classic&quot;}\">\n\t\t\t<div class=\"elementor-widget-wrap elementor-element-populated\">\n\t\t\t\t\t<div class=\"elementor-background-overlay\"><\/div>\n\t\t\t\t\t\t<div class=\"elementor-element elementor-element-b2ede02 e-transform elementor-widget elementor-widget-heading\" data-id=\"b2ede02\" data-element_type=\"widget\" data-e-type=\"widget\" data-settings=\"{&quot;_transform_scale_effect_hover&quot;:{&quot;unit&quot;:&quot;px&quot;,&quot;size&quot;:1.1,&quot;sizes&quot;:[]},&quot;_transform_scale_effect_hover_tablet&quot;:{&quot;unit&quot;:&quot;px&quot;,&quot;size&quot;:&quot;&quot;,&quot;sizes&quot;:[]},&quot;_transform_scale_effect_hover_mobile&quot;:{&quot;unit&quot;:&quot;px&quot;,&quot;size&quot;:&quot;&quot;,&quot;sizes&quot;:[]}}\" data-widget_type=\"heading.default\">\n\t\t\t\t\t<h3 class=\"elementor-heading-title elementor-size-default\"><a href=\"https:\/\/emmeginordic.se\/fi\/projektipohjaiset-lammonvaihtimet\/\">Projektipohjaiset l\u00e4mm\u00f6nvaihtimet<\/a><\/h3>\t\t\t\t<\/div>\n\t\t\t\t\t<\/div>\n\t\t<\/div>\n\t\t\t\t<div class=\"elementor-column elementor-col-33 elementor-top-column elementor-element elementor-element-2e45869\" data-id=\"2e45869\" data-element_type=\"column\" data-e-type=\"column\" data-settings=\"{&quot;background_background&quot;:&quot;classic&quot;}\">\n\t\t\t<div class=\"elementor-widget-wrap elementor-element-populated\">\n\t\t\t\t\t<div class=\"elementor-background-overlay\"><\/div>\n\t\t\t\t\t\t<div class=\"elementor-element elementor-element-b691e97 e-transform elementor-widget elementor-widget-heading\" data-id=\"b691e97\" data-element_type=\"widget\" data-e-type=\"widget\" data-settings=\"{&quot;_transform_scale_effect_hover&quot;:{&quot;unit&quot;:&quot;px&quot;,&quot;size&quot;:1.1,&quot;sizes&quot;:[]},&quot;_transform_scale_effect_hover_tablet&quot;:{&quot;unit&quot;:&quot;px&quot;,&quot;size&quot;:&quot;&quot;,&quot;sizes&quot;:[]},&quot;_transform_scale_effect_hover_mobile&quot;:{&quot;unit&quot;:&quot;px&quot;,&quot;size&quot;:&quot;&quot;,&quot;sizes&quot;:[]}}\" data-widget_type=\"heading.default\">\n\t\t\t\t\t<h3 class=\"elementor-heading-title elementor-size-default\"><a href=\"https:\/\/emmeginordic.se\/fi\/tarvikkeet\/\">Tarvikkeet<\/a><\/h3>\t\t\t\t<\/div>\n\t\t\t\t\t<\/div>\n\t\t<\/div>\n\t\t\t\t\t<\/div>\n\t\t<\/section>\n\t\t\t\t<\/div>\n\t\t","protected":false},"excerpt":{"rendered":"<p>Tuotetiedot Lue lis\u00e4\u00e4 kustakin tuotteesta klikkaamalla otsikkoa. Ilma-\u00f6ljynvaihdin Vesi-\u00f6ljynvaihdin Juotetut vesi-\u00f6ljynvaihtimet Autonomiset j\u00e4\u00e4hdytysryhm\u00e4t ATEX-sertifioidut l\u00e4mm\u00f6nsiirtimet L\u00e4mm\u00f6nvaihdin merenkulkualan k\u00e4ytt\u00f6\u00f6n Combi-j\u00e4\u00e4hdytin CC SERIES -kompressoreille Projektipohjaiset l\u00e4mm\u00f6nvaihtimet Tarvikkeet<\/p>\n","protected":false},"author":1,"featured_media":0,"parent":0,"menu_order":0,"comment_status":"closed","ping_status":"closed","template":"","meta":{"site-sidebar-layout":"no-sidebar","site-content-layout":"page-builder","ast-site-content-layout":"full-width-container","site-content-style":"unboxed","site-sidebar-style":"unboxed","ast-global-header-display":"","ast-banner-title-visibility":"","ast-main-header-display":"","ast-hfb-above-header-display":"","ast-hfb-below-header-display":"","ast-hfb-mobile-header-display":"","site-post-title":"disabled","ast-breadcrumbs-content":"","ast-featured-img":"disabled","footer-sml-layout":"","ast-disable-related-posts":"","theme-transparent-header-meta":"enabled","adv-header-id-meta":"","stick-header-meta":"","header-above-stick-meta":"","header-main-stick-meta":"","header-below-stick-meta":"","astra-migrate-meta-layouts":"set","ast-page-background-enabled":"default","ast-page-background-meta":{"desktop":{"background-color":"var(--ast-global-color-4)","background-image":"","background-repeat":"repeat","background-position":"center center","background-size":"auto","background-attachment":"scroll","background-type":"","background-media":"","overlay-type":"","overlay-color":"","overlay-opacity":"","overlay-gradient":""},"tablet":{"background-color":"","background-image":"","background-repeat":"repeat","background-position":"center center","background-size":"auto","background-attachment":"scroll","background-type":"","background-media":"","overlay-type":"","overlay-color":"","overlay-opacity":"","overlay-gradient":""},"mobile":{"background-color":"","background-image":"","background-repeat":"repeat","background-position":"center center","background-size":"auto","background-attachment":"scroll","background-type":"","background-media":"","overlay-type":"","overlay-color":"","overlay-opacity":"","overlay-gradient":""}},"ast-content-background-meta":{"desktop":{"background-color":"var(--ast-global-color-5)","background-image":"","background-repeat":"repeat","background-position":"center center","background-size":"auto","background-attachment":"scroll","background-type":"","background-media":"","overlay-type":"","overlay-color":"","overlay-opacity":"","overlay-gradient":""},"tablet":{"background-color":"var(--ast-global-color-5)","background-image":"","background-repeat":"repeat","background-position":"center center","background-size":"auto","background-attachment":"scroll","background-type":"","background-media":"","overlay-type":"","overlay-color":"","overlay-opacity":"","overlay-gradient":""},"mobile":{"background-color":"var(--ast-global-color-5)","background-image":"","background-repeat":"repeat","background-position":"center center","background-size":"auto","background-attachment":"scroll","background-type":"","background-media":"","overlay-type":"","overlay-color":"","overlay-opacity":"","overlay-gradient":""}},"footnotes":""},"class_list":["post-2732","page","type-page","status-publish","hentry"],"yoast_head":"<!-- This site is optimized with the Yoast SEO plugin v27.2 - https:\/\/yoast.com\/product\/yoast-seo-wordpress\/ -->\n<title>Tuotteet ja palvelut - Emmegi<\/title>\n<meta name=\"robots\" content=\"index, follow, max-snippet:-1, max-image-preview:large, max-video-preview:-1\" \/>\n<link rel=\"canonical\" href=\"https:\/\/emmeginordic.se\/fi\/tuotteet-ja-palvelut\/\" \/>\n<meta property=\"og:locale\" content=\"fi_FI\" \/>\n<meta property=\"og:type\" content=\"article\" \/>\n<meta property=\"og:title\" content=\"Tuotteet ja palvelut - Emmegi\" \/>\n<meta property=\"og:description\" content=\"Tuotetiedot Lue lis\u00e4\u00e4 kustakin tuotteesta klikkaamalla otsikkoa. Ilma-\u00f6ljynvaihdin Vesi-\u00f6ljynvaihdin Juotetut vesi-\u00f6ljynvaihtimet Autonomiset j\u00e4\u00e4hdytysryhm\u00e4t ATEX-sertifioidut l\u00e4mm\u00f6nsiirtimet L\u00e4mm\u00f6nvaihdin merenkulkualan k\u00e4ytt\u00f6\u00f6n Combi-j\u00e4\u00e4hdytin CC SERIES -kompressoreille Projektipohjaiset l\u00e4mm\u00f6nvaihtimet Tarvikkeet\" \/>\n<meta property=\"og:url\" content=\"https:\/\/emmeginordic.se\/fi\/tuotteet-ja-palvelut\/\" \/>\n<meta property=\"og:site_name\" content=\"Emmegi\" \/>\n<meta property=\"article:modified_time\" content=\"2024-11-29T08:45:18+00:00\" \/>\n<meta name=\"twitter:card\" content=\"summary_large_image\" \/>\n<meta name=\"twitter:label1\" content=\"Arvioitu lukuaika\" \/>\n\t<meta name=\"twitter:data1\" content=\"1 minuutti\" \/>\n<script type=\"application\/ld+json\" class=\"yoast-schema-graph\">{\"@context\":\"https:\/\/schema.org\",\"@graph\":[{\"@type\":\"WebPage\",\"@id\":\"https:\/\/emmeginordic.se\/fi\/tuotteet-ja-palvelut\/\",\"url\":\"https:\/\/emmeginordic.se\/fi\/tuotteet-ja-palvelut\/\",\"name\":\"Tuotteet ja palvelut - Emmegi\",\"isPartOf\":{\"@id\":\"https:\/\/emmegi.hemsida.eu\/#website\"},\"datePublished\":\"2024-10-09T06:49:20+00:00\",\"dateModified\":\"2024-11-29T08:45:18+00:00\",\"breadcrumb\":{\"@id\":\"https:\/\/emmeginordic.se\/fi\/tuotteet-ja-palvelut\/#breadcrumb\"},\"inLanguage\":\"fi\",\"potentialAction\":[{\"@type\":\"ReadAction\",\"target\":[\"https:\/\/emmeginordic.se\/fi\/tuotteet-ja-palvelut\/\"]}]},{\"@type\":\"BreadcrumbList\",\"@id\":\"https:\/\/emmeginordic.se\/fi\/tuotteet-ja-palvelut\/#breadcrumb\",\"itemListElement\":[{\"@type\":\"ListItem\",\"position\":1,\"name\":\"Hem\",\"item\":\"https:\/\/emmeginordic.se\/fi\/etusivu\/\"},{\"@type\":\"ListItem\",\"position\":2,\"name\":\"Tuotteet ja palvelut\"}]},{\"@type\":\"WebSite\",\"@id\":\"https:\/\/emmegi.hemsida.eu\/#website\",\"url\":\"https:\/\/emmegi.hemsida.eu\/\",\"name\":\"Emmegi\",\"description\":\"Heat Exchangers\",\"publisher\":{\"@id\":\"https:\/\/emmegi.hemsida.eu\/#organization\"},\"potentialAction\":[{\"@type\":\"SearchAction\",\"target\":{\"@type\":\"EntryPoint\",\"urlTemplate\":\"https:\/\/emmegi.hemsida.eu\/?s={search_term_string}\"},\"query-input\":{\"@type\":\"PropertyValueSpecification\",\"valueRequired\":true,\"valueName\":\"search_term_string\"}}],\"inLanguage\":\"fi\"},{\"@type\":\"Organization\",\"@id\":\"https:\/\/emmegi.hemsida.eu\/#organization\",\"name\":\"Emmegi\",\"url\":\"https:\/\/emmegi.hemsida.eu\/\",\"logo\":{\"@type\":\"ImageObject\",\"inLanguage\":\"fi\",\"@id\":\"https:\/\/emmegi.hemsida.eu\/#\/schema\/logo\/image\/\",\"url\":\"https:\/\/emmeginordic.se\/wp-content\/uploads\/2024\/10\/emmegi-logo.svg\",\"contentUrl\":\"https:\/\/emmeginordic.se\/wp-content\/uploads\/2024\/10\/emmegi-logo.svg\",\"width\":201,\"height\":48,\"caption\":\"Emmegi\"},\"image\":{\"@id\":\"https:\/\/emmegi.hemsida.eu\/#\/schema\/logo\/image\/\"}}]}<\/script>\n<!-- \/ Yoast SEO plugin. -->","yoast_head_json":{"title":"Tuotteet ja palvelut - Emmegi","robots":{"index":"index","follow":"follow","max-snippet":"max-snippet:-1","max-image-preview":"max-image-preview:large","max-video-preview":"max-video-preview:-1"},"canonical":"https:\/\/emmeginordic.se\/fi\/tuotteet-ja-palvelut\/","og_locale":"fi_FI","og_type":"article","og_title":"Tuotteet ja palvelut - Emmegi","og_description":"Tuotetiedot Lue lis\u00e4\u00e4 kustakin tuotteesta klikkaamalla otsikkoa. Ilma-\u00f6ljynvaihdin Vesi-\u00f6ljynvaihdin Juotetut vesi-\u00f6ljynvaihtimet Autonomiset j\u00e4\u00e4hdytysryhm\u00e4t ATEX-sertifioidut l\u00e4mm\u00f6nsiirtimet L\u00e4mm\u00f6nvaihdin merenkulkualan k\u00e4ytt\u00f6\u00f6n Combi-j\u00e4\u00e4hdytin CC SERIES -kompressoreille Projektipohjaiset l\u00e4mm\u00f6nvaihtimet Tarvikkeet","og_url":"https:\/\/emmeginordic.se\/fi\/tuotteet-ja-palvelut\/","og_site_name":"Emmegi","article_modified_time":"2024-11-29T08:45:18+00:00","twitter_card":"summary_large_image","twitter_misc":{"Arvioitu lukuaika":"1 minuutti"},"schema":{"@context":"https:\/\/schema.org","@graph":[{"@type":"WebPage","@id":"https:\/\/emmeginordic.se\/fi\/tuotteet-ja-palvelut\/","url":"https:\/\/emmeginordic.se\/fi\/tuotteet-ja-palvelut\/","name":"Tuotteet ja palvelut - Emmegi","isPartOf":{"@id":"https:\/\/emmegi.hemsida.eu\/#website"},"datePublished":"2024-10-09T06:49:20+00:00","dateModified":"2024-11-29T08:45:18+00:00","breadcrumb":{"@id":"https:\/\/emmeginordic.se\/fi\/tuotteet-ja-palvelut\/#breadcrumb"},"inLanguage":"fi","potentialAction":[{"@type":"ReadAction","target":["https:\/\/emmeginordic.se\/fi\/tuotteet-ja-palvelut\/"]}]},{"@type":"BreadcrumbList","@id":"https:\/\/emmeginordic.se\/fi\/tuotteet-ja-palvelut\/#breadcrumb","itemListElement":[{"@type":"ListItem","position":1,"name":"Hem","item":"https:\/\/emmeginordic.se\/fi\/etusivu\/"},{"@type":"ListItem","position":2,"name":"Tuotteet ja palvelut"}]},{"@type":"WebSite","@id":"https:\/\/emmegi.hemsida.eu\/#website","url":"https:\/\/emmegi.hemsida.eu\/","name":"Emmegi","description":"Heat Exchangers","publisher":{"@id":"https:\/\/emmegi.hemsida.eu\/#organization"},"potentialAction":[{"@type":"SearchAction","target":{"@type":"EntryPoint","urlTemplate":"https:\/\/emmegi.hemsida.eu\/?s={search_term_string}"},"query-input":{"@type":"PropertyValueSpecification","valueRequired":true,"valueName":"search_term_string"}}],"inLanguage":"fi"},{"@type":"Organization","@id":"https:\/\/emmegi.hemsida.eu\/#organization","name":"Emmegi","url":"https:\/\/emmegi.hemsida.eu\/","logo":{"@type":"ImageObject","inLanguage":"fi","@id":"https:\/\/emmegi.hemsida.eu\/#\/schema\/logo\/image\/","url":"https:\/\/emmeginordic.se\/wp-content\/uploads\/2024\/10\/emmegi-logo.svg","contentUrl":"https:\/\/emmeginordic.se\/wp-content\/uploads\/2024\/10\/emmegi-logo.svg","width":201,"height":48,"caption":"Emmegi"},"image":{"@id":"https:\/\/emmegi.hemsida.eu\/#\/schema\/logo\/image\/"}}]}},"_links":{"self":[{"href":"https:\/\/emmeginordic.se\/fi\/wp-json\/wp\/v2\/pages\/2732","targetHints":{"allow":["GET"]}}],"collection":[{"href":"https:\/\/emmeginordic.se\/fi\/wp-json\/wp\/v2\/pages"}],"about":[{"href":"https:\/\/emmeginordic.se\/fi\/wp-json\/wp\/v2\/types\/page"}],"author":[{"embeddable":true,"href":"https:\/\/emmeginordic.se\/fi\/wp-json\/wp\/v2\/users\/1"}],"replies":[{"embeddable":true,"href":"https:\/\/emmeginordic.se\/fi\/wp-json\/wp\/v2\/comments?post=2732"}],"version-history":[{"count":7,"href":"https:\/\/emmeginordic.se\/fi\/wp-json\/wp\/v2\/pages\/2732\/revisions"}],"predecessor-version":[{"id":3968,"href":"https:\/\/emmeginordic.se\/fi\/wp-json\/wp\/v2\/pages\/2732\/revisions\/3968"}],"wp:attachment":[{"href":"https:\/\/emmeginordic.se\/fi\/wp-json\/wp\/v2\/media?parent=2732"}],"curies":[{"name":"wp","href":"https:\/\/api.w.org\/{rel}","templated":true}]}}